{"id":328,"date":"2025-02-09T18:29:45","date_gmt":"2025-02-09T18:29:45","guid":{"rendered":"https:\/\/koduaken.ee\/alumiinium\/?page_id=328"},"modified":"2025-05-21T22:24:52","modified_gmt":"2025-05-21T22:24:52","slug":"aknad-ja-uksed","status":"publish","type":"page","link":"https:\/\/koduaken.ee\/alumiinium\/aknad-ja-uksed\/","title":{"rendered":"Aknad ja uksed"},"content":{"rendered":"[vc_row type=&#8221;in_container&#8221; full_screen_row_position=&#8221;middle&#8221; column_margin=&#8221;default&#8221; column_direction=&#8221;default&#8221; column_direction_tablet=&#8221;default&#8221; column_direction_phone=&#8221;default&#8221; scene_position=&#8221;center&#8221; text_color=&#8221;dark&#8221; text_align=&#8221;left&#8221; row_border_radius=&#8221;none&#8221; row_border_radius_applies=&#8221;bg&#8221; overflow=&#8221;visible&#8221; overlay_strength=&#8221;0.3&#8243; gradient_direction=&#8221;left_to_right&#8221; shape_divider_position=&#8221;bottom&#8221; bg_image_animation=&#8221;none&#8221;][vc_column column_padding=&#8221;no-extra-padding&#8221; column_padding_tablet=&#8221;inherit&#8221; column_padding_phone=&#8221;inherit&#8221; column_padding_position=&#8221;all&#8221; column_element_direction_desktop=&#8221;default&#8221; column_element_spacing=&#8221;default&#8221; desktop_text_alignment=&#8221;default&#8221; tablet_text_alignment=&#8221;default&#8221; phone_text_alignment=&#8221;default&#8221; background_color_opacity=&#8221;1&#8243; background_hover_color_opacity=&#8221;1&#8243; column_backdrop_filter=&#8221;none&#8221; column_shadow=&#8221;none&#8221; column_border_radius=&#8221;none&#8221; column_link_target=&#8221;_self&#8221; column_position=&#8221;default&#8221; gradient_direction=&#8221;left_to_right&#8221; overlay_strength=&#8221;0.3&#8243; width=&#8221;1\/1&#8243; tablet_width_inherit=&#8221;default&#8221; animation_type=&#8221;default&#8221; bg_image_animation=&#8221;none&#8221; border_type=&#8221;simple&#8221; column_border_width=&#8221;none&#8221; column_border_style=&#8221;solid&#8221;][vc_custom_heading source=&#8221;post_title&#8221; font_container=&#8221;tag:h2|text_align:center&#8221; use_theme_fonts=&#8221;yes&#8221; css=&#8221;&#8221;][\/vc_column][\/vc_row][vc_row type=&#8221;in_container&#8221; full_screen_row_position=&#8221;middle&#8221; column_margin=&#8221;default&#8221; column_direction=&#8221;default&#8221; column_direction_tablet=&#8221;default&#8221; column_direction_phone=&#8221;default&#8221; scene_position=&#8221;center&#8221; text_color=&#8221;dark&#8221; text_align=&#8221;left&#8221; row_border_radius=&#8221;none&#8221; row_border_radius_applies=&#8221;bg&#8221; overflow=&#8221;visible&#8221; overlay_strength=&#8221;0.3&#8243; gradient_direction=&#8221;left_to_right&#8221; shape_divider_position=&#8221;bottom&#8221; bg_image_animation=&#8221;none&#8221;][vc_column column_padding=&#8221;no-extra-padding&#8221; column_padding_tablet=&#8221;inherit&#8221; column_padding_phone=&#8221;inherit&#8221; column_padding_position=&#8221;all&#8221; column_element_direction_desktop=&#8221;default&#8221; column_element_spacing=&#8221;default&#8221; desktop_text_alignment=&#8221;default&#8221; tablet_text_alignment=&#8221;default&#8221; phone_text_alignment=&#8221;default&#8221; background_color_opacity=&#8221;1&#8243; background_hover_color_opacity=&#8221;1&#8243; column_backdrop_filter=&#8221;none&#8221; column_shadow=&#8221;none&#8221; column_border_radius=&#8221;none&#8221; column_link_target=&#8221;_self&#8221; column_position=&#8221;default&#8221; gradient_direction=&#8221;left_to_right&#8221; overlay_strength=&#8221;0.3&#8243; width=&#8221;1\/1&#8243; tablet_width_inherit=&#8221;default&#8221; animation_type=&#8221;default&#8221; bg_image_animation=&#8221;none&#8221; border_type=&#8221;simple&#8221; column_border_width=&#8221;none&#8221; column_border_style=&#8221;solid&#8221;]        <div class=\"products-grid columns-3\">\r\n            <div class=\"row\">\r\n\t\t\t\t                    <div class=\"col-lg-4 col-md-6\">\r\n                        <div class=\"product-item\">\r\n\t\t\t\t\t\t\t                                <div class=\"product-image\">\r\n\t\t\t\t\t\t\t\t\t<img decoding=\"async\" width=\"468\" height=\"614\" data-src=\"https:\/\/koduaken.ee\/alumiinium\/wp-content\/uploads\/2025\/05\/MB-79-aken.webp\" class=\"attachment-full size-full wp-post-image lazyload\" alt=\"\" data-srcset=\"https:\/\/koduaken.ee\/alumiinium\/wp-content\/uploads\/2025\/05\/MB-79-aken.webp 468w, https:\/\/koduaken.ee\/alumiinium\/wp-content\/uploads\/2025\/05\/MB-79-aken-229x300.webp 229w\" data-sizes=\"(max-width: 468px) 100vw, 468px\" src=\"data:image\/gif;base64,R0lGODlhAQABAAAAACH5BAEKAAEALAAAAAABAAEAAAICTAEAOw==\" style=\"--smush-placeholder-width: 468px; --smush-placeholder-aspect-ratio: 468\/614;\" \/>                                <\/div>\r\n\t\t\t\t\t\t\t                            <h3>MB-79N<\/h3>\r\n                            <div class=\"excerpt-container\">\r\n                                <div class=\"excerpt-content collapsed\">\r\n\t\t\t                        <p>Energiat\u00f5hus akna- ja ukseprofiilis\u00fcsteem, mis on m\u00f5eldud vastama t\u00e4nap\u00e4evastele soojusisolatsiooni n\u00f5uetele. S\u00fcsteemis kasutatakse kolmekambrilisi alumiiniumprofiile koos termokatkestitega. See sobib h\u00e4sti eramutele ja korterelamutele, kus on oluline hea hinna ja kvaliteedi suhe.<\/p>\n                                <\/div>\r\n                                <a href=\"#\" class=\"excerpt-toggle\">Loe veel<\/a>\r\n                            <\/div>\r\n                        <\/div>\r\n                    <\/div>\r\n\t\t\t\t                    <div class=\"col-lg-4 col-md-6\">\r\n                        <div class=\"product-item\">\r\n\t\t\t\t\t\t\t                                <div class=\"product-image\">\r\n\t\t\t\t\t\t\t\t\t<img decoding=\"async\" width=\"426\" height=\"614\" data-src=\"https:\/\/koduaken.ee\/alumiinium\/wp-content\/uploads\/2025\/05\/MB-SLIMLINE-aken.webp\" class=\"attachment-full size-full wp-post-image lazyload\" alt=\"Aluprofi alumiiniumaken kolmekordse klaaspaketiga \u2013 soojapidav ja ilmastikukindel lahendus \u00e4ri- ja eluhoonetele.\" data-srcset=\"https:\/\/koduaken.ee\/alumiinium\/wp-content\/uploads\/2025\/05\/MB-SLIMLINE-aken.webp 426w, https:\/\/koduaken.ee\/alumiinium\/wp-content\/uploads\/2025\/05\/MB-SLIMLINE-aken-208x300.webp 208w\" data-sizes=\"(max-width: 426px) 100vw, 426px\" src=\"data:image\/gif;base64,R0lGODlhAQABAAAAACH5BAEKAAEALAAAAAABAAEAAAICTAEAOw==\" style=\"--smush-placeholder-width: 426px; --smush-placeholder-aspect-ratio: 426\/614;\" \/>                                <\/div>\r\n\t\t\t\t\t\t\t                            <h3>MB-SLIMLINE<\/h3>\r\n                            <div class=\"excerpt-container\">\r\n                                <div class=\"excerpt-content collapsed\">\r\n\t\t\t                        <p>Kitsaste profiilidega aknas\u00fcsteem, mis v\u00f5imaldab luua visuaalselt kergeid ja minimalistlikke konstruktsioone. Eriti sobilik ajalooliste hoonete renoveerimiseks, kus soovitakse s\u00e4ilitada originaalil\u00e4hedast v\u00e4limust koos kaasaegsete soojus- ja heliisolatsiooniomadustega. S\u00fcsteem v\u00f5imaldab ka avanevaid ja fikseeritud aknalahendusi.<\/p>\n                                <\/div>\r\n                                <a href=\"#\" class=\"excerpt-toggle\">Loe veel<\/a>\r\n                            <\/div>\r\n                        <\/div>\r\n                    <\/div>\r\n\t\t\t\t                    <div class=\"col-lg-4 col-md-6\">\r\n                        <div class=\"product-item\">\r\n\t\t\t\t\t\t\t                                <div class=\"product-image\">\r\n\t\t\t\t\t\t\t\t\t<img decoding=\"async\" width=\"401\" height=\"614\" data-src=\"https:\/\/koduaken.ee\/alumiinium\/wp-content\/uploads\/2025\/05\/MB-70-aken.webp\" class=\"attachment-full size-full wp-post-image lazyload\" alt=\"\" data-srcset=\"https:\/\/koduaken.ee\/alumiinium\/wp-content\/uploads\/2025\/05\/MB-70-aken.webp 401w, https:\/\/koduaken.ee\/alumiinium\/wp-content\/uploads\/2025\/05\/MB-70-aken-196x300.webp 196w\" data-sizes=\"(max-width: 401px) 100vw, 401px\" src=\"data:image\/gif;base64,R0lGODlhAQABAAAAACH5BAEKAAEALAAAAAABAAEAAAICTAEAOw==\" style=\"--smush-placeholder-width: 401px; --smush-placeholder-aspect-ratio: 401\/614;\" \/>                                <\/div>\r\n\t\t\t\t\t\t\t                            <h3>MB-70<\/h3>\r\n                            <div class=\"excerpt-container\">\r\n                                <div class=\"excerpt-content collapsed\">\r\n\t\t\t                        <p>MB-70 on k\u00f5rgema soojapidavusega s\u00fcsteem, millel on 3-kambriline profiil ja kvaliteetsed soojuskatkestid. Seda kasutatakse laialdaselt v\u00e4lisakende ja -uste valmistamisel, sealhulgas kohtades, kus on karmid ilmastikutingimused. S\u00fcsteem v\u00f5imaldab erinevaid viimistlusv\u00f5imalusi ja dekoratiivprofiile, sobides ka arhitektuurselt n\u00f5udlikesse lahendustesse.<\/p>\n                                <\/div>\r\n                                <a href=\"#\" class=\"excerpt-toggle\">Loe veel<\/a>\r\n                            <\/div>\r\n                        <\/div>\r\n                    <\/div>\r\n\t\t\t\t                    <div class=\"col-lg-4 col-md-6\">\r\n                        <div class=\"product-item\">\r\n\t\t\t\t\t\t\t                                <div class=\"product-image\">\r\n\t\t\t\t\t\t\t\t\t<img decoding=\"async\" width=\"376\" height=\"614\" data-src=\"https:\/\/koduaken.ee\/alumiinium\/wp-content\/uploads\/2025\/05\/MB-104-PASSIVE-aken.webp\" class=\"attachment-full size-full wp-post-image lazyload\" alt=\"Aluprofi passiivmaja alumiiniumaken neljakordse klaaspaketiga \u2013 maksimaalne soojapidavus ja heliisolatsioon\" data-srcset=\"https:\/\/koduaken.ee\/alumiinium\/wp-content\/uploads\/2025\/05\/MB-104-PASSIVE-aken.webp 376w, https:\/\/koduaken.ee\/alumiinium\/wp-content\/uploads\/2025\/05\/MB-104-PASSIVE-aken-184x300.webp 184w\" data-sizes=\"(max-width: 376px) 100vw, 376px\" src=\"data:image\/gif;base64,R0lGODlhAQABAAAAACH5BAEKAAEALAAAAAABAAEAAAICTAEAOw==\" style=\"--smush-placeholder-width: 376px; --smush-placeholder-aspect-ratio: 376\/614;\" \/>                                <\/div>\r\n\t\t\t\t\t\t\t                            <h3>MB-104 PASSIVE<\/h3>\r\n                            <div class=\"excerpt-container\">\r\n                                <div class=\"excerpt-content collapsed\">\r\n\t\t\t                        <p><span style=\"font-weight: 400;\">T\u00e4nu \u00fclik\u00f5rgele soojapidavusele, t\u00e4idab k\u00fclmakatkestusega alumiiniumprofiilist s\u00fcsteem MB-104 PASSIVE passiivmajade avat\u00e4idetele esitatavaid n\u00f5udeid. Vastavad katsetulemused on kinnitatud Darmstadti Pasiivmaja Instituudi poolt (Passive House Institute PHI Darmstadt). Antud s\u00fcsteem on m\u00f5eldud kasutamiseks hoone v\u00e4lisperimeetri elementidena, nagu aknad, uksed ja muu. Selle s\u00fcsteemi avat\u00e4ited on suurep\u00e4rase vastupidavusega, neil on hea vee- ja \u00f5hutihedus ning esmaklassiline soojus- ning m\u00fcraisolatsioon.<\/span><\/p>\n                                <\/div>\r\n                                <a href=\"#\" class=\"excerpt-toggle\">Loe veel<\/a>\r\n                            <\/div>\r\n                        <\/div>\r\n                    <\/div>\r\n\t\t\t\t                    <div class=\"col-lg-4 col-md-6\">\r\n                        <div class=\"product-item\">\r\n\t\t\t\t\t\t\t                                <div class=\"product-image\">\r\n\t\t\t\t\t\t\t\t\t<img decoding=\"async\" width=\"353\" height=\"614\" data-src=\"https:\/\/koduaken.ee\/alumiinium\/wp-content\/uploads\/2025\/05\/MB-86N-aken.webp\" class=\"attachment-full size-full wp-post-image lazyload\" alt=\"\" data-srcset=\"https:\/\/koduaken.ee\/alumiinium\/wp-content\/uploads\/2025\/05\/MB-86N-aken.webp 353w, https:\/\/koduaken.ee\/alumiinium\/wp-content\/uploads\/2025\/05\/MB-86N-aken-172x300.webp 172w\" data-sizes=\"(max-width: 353px) 100vw, 353px\" src=\"data:image\/gif;base64,R0lGODlhAQABAAAAACH5BAEKAAEALAAAAAABAAEAAAICTAEAOw==\" style=\"--smush-placeholder-width: 353px; --smush-placeholder-aspect-ratio: 353\/614;\" \/>                                <\/div>\r\n\t\t\t\t\t\t\t                            <h3>MB-86N<\/h3>\r\n                            <div class=\"excerpt-container\">\r\n                                <div class=\"excerpt-content collapsed\">\r\n\t\t\t                        <p>MB-86N on k\u00f5rgema klassi aknas\u00fcsteem, millel on suurep\u00e4rased soojusisolatsiooni omadused \u2013 v\u00f5imalik valida ST ja SI isolatsioonitasemete vahel. S\u00fcsteem toetab kolmekordset klaaspaketti ning suudab kanda suuri klaaspindu. T\u00e4nu j\u00e4ikusele sobib see ka suurtele ja n\u00f5udlikele konstruktsioonidele.<\/p>\n                                <\/div>\r\n                                <a href=\"#\" class=\"excerpt-toggle\">Loe veel<\/a>\r\n                            <\/div>\r\n                        <\/div>\r\n                    <\/div>\r\n\t\t\t\t                    <div class=\"col-lg-4 col-md-6\">\r\n                        <div class=\"product-item\">\r\n\t\t\t\t\t\t\t                                <div class=\"product-image\">\r\n\t\t\t\t\t\t\t\t\t<img decoding=\"async\" width=\"512\" height=\"614\" data-src=\"https:\/\/koduaken.ee\/alumiinium\/wp-content\/uploads\/2025\/05\/MB-45-uks.webp\" class=\"attachment-full size-full wp-post-image lazyload\" alt=\"\" data-srcset=\"https:\/\/koduaken.ee\/alumiinium\/wp-content\/uploads\/2025\/05\/MB-45-uks.webp 512w, https:\/\/koduaken.ee\/alumiinium\/wp-content\/uploads\/2025\/05\/MB-45-uks-250x300.webp 250w\" data-sizes=\"(max-width: 512px) 100vw, 512px\" src=\"data:image\/gif;base64,R0lGODlhAQABAAAAACH5BAEKAAEALAAAAAABAAEAAAICTAEAOw==\" style=\"--smush-placeholder-width: 512px; --smush-placeholder-aspect-ratio: 512\/614;\" \/>                                <\/div>\r\n\t\t\t\t\t\t\t                            <h3>MB-45<\/h3>\r\n                            <div class=\"excerpt-container\">\r\n                                <div class=\"excerpt-content collapsed\">\r\n\t\t\t                        <p>Ilma k\u00fclmakatkestuseta soodne ning praktiline akna- ja ukses\u00fcsteem. Kasutusvaldkonnad on peamiselt sisetingimustes ning v\u00e4listingimustes kohtades, kus soojusisolatsioon ei ole vajalik. MB-45 sobib kasutamiseks \u00fcksikute elemntidena kui ka uste, akende ning klaasvaheseinte mooduls\u00fcsteemidena. Lai profiilivalik v\u00f5imaldab valmistada kuluefektiivselt erinevaid konstruktsioone &#8211; seal hulgas erit\u00fc\u00fcpi uksi, vaheseinu kui ka kaldavatavaid, p\u00f6\u00f6rdavatavaid ja kald-p\u00f6\u00f6rdavatavaid aknad. S\u00fcsteem sobib suurep\u00e4raselt nii keskmise kui ka suure koormusega era-, \u00e4ri- ja avaliku sektori vajadustele.<\/p>\n                                <\/div>\r\n                                <a href=\"#\" class=\"excerpt-toggle\">Loe veel<\/a>\r\n                            <\/div>\r\n                        <\/div>\r\n                    <\/div>\r\n\t\t\t\t            <\/div>\r\n\r\n\t\t\t        <\/div>\r\n\t[\/vc_column][\/vc_row][vc_row type=&#8221;in_container&#8221; full_screen_row_position=&#8221;middle&#8221; column_margin=&#8221;default&#8221; column_direction=&#8221;default&#8221; column_direction_tablet=&#8221;default&#8221; column_direction_phone=&#8221;default&#8221; scene_position=&#8221;center&#8221; text_color=&#8221;dark&#8221; text_align=&#8221;left&#8221; row_border_radius=&#8221;none&#8221; row_border_radius_applies=&#8221;bg&#8221; overflow=&#8221;visible&#8221; overlay_strength=&#8221;0.3&#8243; gradient_direction=&#8221;left_to_right&#8221; shape_divider_position=&#8221;bottom&#8221; bg_image_animation=&#8221;none&#8221;][vc_column column_padding=&#8221;no-extra-padding&#8221; column_padding_tablet=&#8221;inherit&#8221; column_padding_phone=&#8221;inherit&#8221; column_padding_position=&#8221;all&#8221; column_element_direction_desktop=&#8221;default&#8221; column_element_spacing=&#8221;default&#8221; desktop_text_alignment=&#8221;default&#8221; tablet_text_alignment=&#8221;default&#8221; phone_text_alignment=&#8221;default&#8221; background_color_opacity=&#8221;1&#8243; background_hover_color_opacity=&#8221;1&#8243; column_backdrop_filter=&#8221;none&#8221; column_shadow=&#8221;none&#8221; column_border_radius=&#8221;none&#8221; column_link_target=&#8221;_self&#8221; column_position=&#8221;default&#8221; gradient_direction=&#8221;left_to_right&#8221; overlay_strength=&#8221;0.3&#8243; width=&#8221;1\/1&#8243; tablet_width_inherit=&#8221;default&#8221; animation_type=&#8221;default&#8221; bg_image_animation=&#8221;none&#8221; border_type=&#8221;simple&#8221; column_border_width=&#8221;none&#8221; column_border_style=&#8221;solid&#8221;][nectar_global_section id=&#8221;369&#8243;][\/vc_column][\/vc_row]\n","protected":false},"excerpt":{"rendered":"<p>[vc_row type=&#8221;in_container&#8221; full_screen_row_position=&#8221;middle&#8221; column_margin=&#8221;default&#8221; column_direction=&#8221;default&#8221; column_direction_tablet=&#8221;default&#8221; column_direction_phone=&#8221;default&#8221; scene_position=&#8221;center&#8221; text_color=&#8221;dark&#8221; text_align=&#8221;left&#8221; row_border_radius=&#8221;none&#8221; row_border_radius_applies=&#8221;bg&#8221; overflow=&#8221;visible&#8221; overlay_strength=&#8221;0.3&#8243; gradient_direction=&#8221;left_to_right&#8221; shape_divider_position=&#8221;bottom&#8221; bg_image_animation=&#8221;none&#8221;][vc_column column_padding=&#8221;no-extra-padding&#8221; column_padding_tablet=&#8221;inherit&#8221; column_padding_phone=&#8221;inherit&#8221; column_padding_position=&#8221;all&#8221; column_element_direction_desktop=&#8221;default&#8221; column_element_spacing=&#8221;default&#8221; desktop_text_alignment=&#8221;default&#8221; tablet_text_alignment=&#8221;default&#8221; phone_text_alignment=&#8221;default&#8221; background_color_opacity=&#8221;1&#8243; background_hover_color_opacity=&#8221;1&#8243; column_backdrop_filter=&#8221;none&#8221; column_shadow=&#8221;none&#8221;&#8230;<\/p>\n","protected":false},"author":1,"featured_media":0,"parent":0,"menu_order":0,"comment_status":"closed","ping_status":"closed","template":"","meta":{"footnotes":""},"class_list":["post-328","page","type-page","status-publish"],"_links":{"self":[{"href":"https:\/\/koduaken.ee\/alumiinium\/wp-json\/wp\/v2\/pages\/328","targetHints":{"allow":["GET"]}}],"collection":[{"href":"https:\/\/koduaken.ee\/alumiinium\/wp-json\/wp\/v2\/pages"}],"about":[{"href":"https:\/\/koduaken.ee\/alumiinium\/wp-json\/wp\/v2\/types\/page"}],"author":[{"embeddable":true,"href":"https:\/\/koduaken.ee\/alumiinium\/wp-json\/wp\/v2\/users\/1"}],"replies":[{"embeddable":true,"href":"https:\/\/koduaken.ee\/alumiinium\/wp-json\/wp\/v2\/comments?post=328"}],"version-history":[{"count":0,"href":"https:\/\/koduaken.ee\/alumiinium\/wp-json\/wp\/v2\/pages\/328\/revisions"}],"wp:attachment":[{"href":"https:\/\/koduaken.ee\/alumiinium\/wp-json\/wp\/v2\/media?parent=328"}],"curies":[{"name":"wp","href":"https:\/\/api.w.org\/{rel}","templated":true}]}}