{"id":396,"date":"2025-03-21T16:58:28","date_gmt":"2025-03-21T16:58:28","guid":{"rendered":"https:\/\/koduaken.ee\/alumiinium\/?page_id=396"},"modified":"2025-05-21T22:27:11","modified_gmt":"2025-05-21T22:27:11","slug":"lukand-ja-voldikuksed","status":"publish","type":"page","link":"https:\/\/koduaken.ee\/alumiinium\/lukand-ja-voldikuksed\/","title":{"rendered":"L\u00fckand- ja voldikuksed"},"content":{"rendered":"[vc_row type=&#8221;in_container&#8221; full_screen_row_position=&#8221;middle&#8221; column_margin=&#8221;default&#8221; column_direction=&#8221;default&#8221; column_direction_tablet=&#8221;default&#8221; column_direction_phone=&#8221;default&#8221; scene_position=&#8221;center&#8221; text_color=&#8221;dark&#8221; text_align=&#8221;left&#8221; row_border_radius=&#8221;none&#8221; row_border_radius_applies=&#8221;bg&#8221; overflow=&#8221;visible&#8221; overlay_strength=&#8221;0.3&#8243; gradient_direction=&#8221;left_to_right&#8221; shape_divider_position=&#8221;bottom&#8221; bg_image_animation=&#8221;none&#8221;][vc_column column_padding=&#8221;no-extra-padding&#8221; column_padding_tablet=&#8221;inherit&#8221; column_padding_phone=&#8221;inherit&#8221; column_padding_position=&#8221;all&#8221; column_element_direction_desktop=&#8221;default&#8221; column_element_spacing=&#8221;default&#8221; desktop_text_alignment=&#8221;default&#8221; tablet_text_alignment=&#8221;default&#8221; phone_text_alignment=&#8221;default&#8221; background_color_opacity=&#8221;1&#8243; background_hover_color_opacity=&#8221;1&#8243; column_backdrop_filter=&#8221;none&#8221; column_shadow=&#8221;none&#8221; column_border_radius=&#8221;none&#8221; column_link_target=&#8221;_self&#8221; column_position=&#8221;default&#8221; gradient_direction=&#8221;left_to_right&#8221; overlay_strength=&#8221;0.3&#8243; width=&#8221;1\/1&#8243; tablet_width_inherit=&#8221;default&#8221; animation_type=&#8221;default&#8221; bg_image_animation=&#8221;none&#8221; border_type=&#8221;simple&#8221; column_border_width=&#8221;none&#8221; column_border_style=&#8221;solid&#8221;][vc_custom_heading source=&#8221;post_title&#8221; font_container=&#8221;tag:h2|text_align:center&#8221; use_theme_fonts=&#8221;yes&#8221; css=&#8221;&#8221;][\/vc_column][\/vc_row][vc_row type=&#8221;in_container&#8221; full_screen_row_position=&#8221;middle&#8221; column_margin=&#8221;default&#8221; column_direction=&#8221;default&#8221; column_direction_tablet=&#8221;default&#8221; column_direction_phone=&#8221;default&#8221; scene_position=&#8221;center&#8221; text_color=&#8221;dark&#8221; text_align=&#8221;left&#8221; row_border_radius=&#8221;none&#8221; row_border_radius_applies=&#8221;bg&#8221; overflow=&#8221;visible&#8221; overlay_strength=&#8221;0.3&#8243; gradient_direction=&#8221;left_to_right&#8221; shape_divider_position=&#8221;bottom&#8221; bg_image_animation=&#8221;none&#8221;][vc_column column_padding=&#8221;no-extra-padding&#8221; column_padding_tablet=&#8221;inherit&#8221; column_padding_phone=&#8221;inherit&#8221; column_padding_position=&#8221;all&#8221; column_element_direction_desktop=&#8221;default&#8221; column_element_spacing=&#8221;default&#8221; desktop_text_alignment=&#8221;default&#8221; tablet_text_alignment=&#8221;default&#8221; phone_text_alignment=&#8221;default&#8221; background_color_opacity=&#8221;1&#8243; background_hover_color_opacity=&#8221;1&#8243; column_backdrop_filter=&#8221;none&#8221; column_shadow=&#8221;none&#8221; column_border_radius=&#8221;none&#8221; column_link_target=&#8221;_self&#8221; column_position=&#8221;default&#8221; gradient_direction=&#8221;left_to_right&#8221; overlay_strength=&#8221;0.3&#8243; width=&#8221;1\/1&#8243; tablet_width_inherit=&#8221;default&#8221; animation_type=&#8221;default&#8221; bg_image_animation=&#8221;none&#8221; border_type=&#8221;simple&#8221; column_border_width=&#8221;none&#8221; column_border_style=&#8221;solid&#8221;]        <div class=\"products-grid columns-3\">\r\n            <div class=\"row\">\r\n\t\t\t\t                    <div class=\"col-lg-4 col-md-6\">\r\n                        <div class=\"product-item\">\r\n\t\t\t\t\t\t\t                                <div class=\"product-image\">\r\n\t\t\t\t\t\t\t\t\t<img decoding=\"async\" width=\"518\" height=\"614\" data-src=\"https:\/\/koduaken.ee\/alumiinium\/wp-content\/uploads\/2025\/05\/MB-OPENSLIDE.webp\" class=\"attachment-full size-full wp-post-image lazyload\" alt=\"Aluprofi alumiiniumist klaaspiirde s\u00fcsteem \u2013 minimalistlik ja vastupidav klaaspiire r\u00f5dule v\u00f5i terrassile\" data-srcset=\"https:\/\/koduaken.ee\/alumiinium\/wp-content\/uploads\/2025\/05\/MB-OPENSLIDE.webp 518w, https:\/\/koduaken.ee\/alumiinium\/wp-content\/uploads\/2025\/05\/MB-OPENSLIDE-253x300.webp 253w\" data-sizes=\"(max-width: 518px) 100vw, 518px\" src=\"data:image\/gif;base64,R0lGODlhAQABAAAAACH5BAEKAAEALAAAAAABAAEAAAICTAEAOw==\" style=\"--smush-placeholder-width: 518px; --smush-placeholder-aspect-ratio: 518\/614;\" \/>                                <\/div>\r\n\t\t\t\t\t\t\t                            <h3>MB-OPENSLIDE<\/h3>\r\n                            <div class=\"excerpt-container\">\r\n                                <div class=\"excerpt-content collapsed\">\r\n\t\t\t                        <p data-start=\"2827\" data-end=\"3293\">Paindlik isoleerimata s\u00fcsteem suurte avauste jaoks \u2013 ukseosad libisevad r\u00f6\u00f6bastel t\u00e4ielikult k\u00f5rvale, v\u00f5imaldades v\u00e4ga suurt avamist. Sobib kodudesse, kus soovitakse suvel &#8220;avatud seina&#8221; efekti ja vaba liikumist sise- ja v\u00e4lisruumi vahel. Konstruktsioon v\u00f5imaldab kasutada suuri klaaspaneele ilma kompromissita disainis. S\u00fcsteem \u00fchendab avaruse ja stiilsuse. Suurep\u00e4rane valik luksuslikele terrassidele v\u00f5i aedadele avanevatele eluruumidele.<\/p>\n                                <\/div>\r\n                                <a href=\"#\" class=\"excerpt-toggle\">Loe veel<\/a>\r\n                            <\/div>\r\n                        <\/div>\r\n                    <\/div>\r\n\t\t\t\t                    <div class=\"col-lg-4 col-md-6\">\r\n                        <div class=\"product-item\">\r\n\t\t\t\t\t\t\t                                <div class=\"product-image\">\r\n\t\t\t\t\t\t\t\t\t<img decoding=\"async\" width=\"600\" height=\"614\" data-src=\"https:\/\/koduaken.ee\/alumiinium\/wp-content\/uploads\/2025\/05\/MB-DPA.webp\" class=\"attachment-full size-full wp-post-image lazyload\" alt=\"\" data-srcset=\"https:\/\/koduaken.ee\/alumiinium\/wp-content\/uploads\/2025\/05\/MB-DPA.webp 600w, https:\/\/koduaken.ee\/alumiinium\/wp-content\/uploads\/2025\/05\/MB-DPA-293x300.webp 293w\" data-sizes=\"(max-width: 600px) 100vw, 600px\" src=\"data:image\/gif;base64,R0lGODlhAQABAAAAACH5BAEKAAEALAAAAAABAAEAAAICTAEAOw==\" style=\"--smush-placeholder-width: 600px; --smush-placeholder-aspect-ratio: 600\/614;\" \/>                                <\/div>\r\n\t\t\t\t\t\t\t                            <h3>MB-DPA<\/h3>\r\n                            <div class=\"excerpt-container\">\r\n                                <div class=\"excerpt-content collapsed\">\r\n\t\t\t                        <p data-start=\"1949\" data-end=\"2412\">Automaatselt avatav l\u00fckands\u00fcsteem, mis sobib enim kaubandus- ja \u00fchiskondlikele hoonetele, kuid v\u00f5imalusel ka modernsetesse kodudesse. Ukse avamine ja sulgemine toimub mootoriga \u2013 see lisab mugavust ja elegantsi. Klaaspindade suurus ja s\u00fcsteemi disain v\u00f5imaldavad valgust ja avarust, samas s\u00e4ilitades turvalisuse. Sobib h\u00e4sti kohtadesse, kus oluline on ligip\u00e4\u00e4setavus ja automaatne toimimine. Elegantne lahendus tehnoloogiate austajatele.<\/p>\n                                <\/div>\r\n                                <a href=\"#\" class=\"excerpt-toggle\">Loe veel<\/a>\r\n                            <\/div>\r\n                        <\/div>\r\n                    <\/div>\r\n\t\t\t\t                    <div class=\"col-lg-4 col-md-6\">\r\n                        <div class=\"product-item\">\r\n\t\t\t\t\t\t\t                                <div class=\"product-image\">\r\n\t\t\t\t\t\t\t\t\t<img decoding=\"async\" width=\"333\" height=\"614\" data-src=\"https:\/\/koduaken.ee\/alumiinium\/wp-content\/uploads\/2025\/05\/MB-SLIDE.webp\" class=\"attachment-full size-full wp-post-image lazyload\" alt=\"Aluprofi alumiiniumprofiiliga avat\u00e4ide \u2013 energiat\u00f5hus klaaspaketiga fassaadielement kaasaegsele hoonele\" data-srcset=\"https:\/\/koduaken.ee\/alumiinium\/wp-content\/uploads\/2025\/05\/MB-SLIDE.webp 333w, https:\/\/koduaken.ee\/alumiinium\/wp-content\/uploads\/2025\/05\/MB-SLIDE-163x300.webp 163w\" data-sizes=\"(max-width: 333px) 100vw, 333px\" src=\"data:image\/gif;base64,R0lGODlhAQABAAAAACH5BAEKAAEALAAAAAABAAEAAAICTAEAOw==\" style=\"--smush-placeholder-width: 333px; --smush-placeholder-aspect-ratio: 333\/614;\" \/>                                <\/div>\r\n\t\t\t\t\t\t\t                            <h3>MB-SLIDE<\/h3>\r\n                            <div class=\"excerpt-container\">\r\n                                <div class=\"excerpt-content collapsed\">\r\n\t\t\t                        <p>Lihtsama \u00fclesehitusega l\u00fckandukses\u00fcsteem, sobides h\u00e4sti kohtadesse, kus soojuspidavus ei ole esmat\u00e4htis. Ideaalne r\u00f5du- v\u00f5i talveaiauksena, kus on soov liikuva ja ruumis\u00e4\u00e4stliku ukse j\u00e4rele. S\u00fcsteem v\u00f5imaldab suurt klaaspinda ja pakub puhast, kaasaegset disaini. Taskukohasem lahendus, kui v\u00f5rrelda t\u00f5st-l\u00fckands\u00fcsteemidega. Avaneb horisontaalselt, s\u00e4\u00e4stes ruumi v\u00f5rreldes tavaliste ustega.<\/p>\n                                <\/div>\r\n                                <a href=\"#\" class=\"excerpt-toggle\">Loe veel<\/a>\r\n                            <\/div>\r\n                        <\/div>\r\n                    <\/div>\r\n\t\t\t\t                    <div class=\"col-lg-4 col-md-6\">\r\n                        <div class=\"product-item\">\r\n\t\t\t\t\t\t\t                                <div class=\"product-image\">\r\n\t\t\t\t\t\t\t\t\t<img decoding=\"async\" width=\"380\" height=\"614\" data-src=\"https:\/\/koduaken.ee\/alumiinium\/wp-content\/uploads\/2025\/05\/MB-86-FOLD-LINE.webp\" class=\"attachment-full size-full wp-post-image lazyload\" alt=\"\" data-srcset=\"https:\/\/koduaken.ee\/alumiinium\/wp-content\/uploads\/2025\/05\/MB-86-FOLD-LINE.webp 380w, https:\/\/koduaken.ee\/alumiinium\/wp-content\/uploads\/2025\/05\/MB-86-FOLD-LINE-186x300.webp 186w\" data-sizes=\"(max-width: 380px) 100vw, 380px\" src=\"data:image\/gif;base64,R0lGODlhAQABAAAAACH5BAEKAAEALAAAAAABAAEAAAICTAEAOw==\" style=\"--smush-placeholder-width: 380px; --smush-placeholder-aspect-ratio: 380\/614;\" \/>                                <\/div>\r\n\t\t\t\t\t\t\t                            <h3>MB-86 FOLD LINE<\/h3>\r\n                            <div class=\"excerpt-container\">\r\n                                <div class=\"excerpt-content collapsed\">\r\n\t\t\t                        <p>Voldikukses\u00fcsteem, mis v\u00f5imaldab terve seinapinna avamist \u2013 k\u00f5ik ukselehed saab kokku voltida ja k\u00f5rvale l\u00fckata. See loob sujuva \u00fclemineku sise- ja v\u00e4lisruumi vahel, sobides ideaalselt terrasside ja aedadega \u00fchendamiseks. Samas s\u00e4ilitab s\u00fcsteem head soojusisolatsiooni. Konstruktsioon on tugev ja vastupidav, sobides nii eramutele kui ka \u00e4ripindadele. T\u00e4nu kvaliteetsetele mehhanismidele on kasutamine mugav ja kerge.<\/p>\n                                <\/div>\r\n                                <a href=\"#\" class=\"excerpt-toggle\">Loe veel<\/a>\r\n                            <\/div>\r\n                        <\/div>\r\n                    <\/div>\r\n\t\t\t\t                    <div class=\"col-lg-4 col-md-6\">\r\n                        <div class=\"product-item\">\r\n\t\t\t\t\t\t\t                                <div class=\"product-image\">\r\n\t\t\t\t\t\t\t\t\t<img decoding=\"async\" width=\"1800\" height=\"1200\" data-src=\"https:\/\/koduaken.ee\/alumiinium\/wp-content\/uploads\/2025\/05\/MB-82HS.webp\" class=\"attachment-full size-full wp-post-image lazyload\" alt=\"\" data-srcset=\"https:\/\/koduaken.ee\/alumiinium\/wp-content\/uploads\/2025\/05\/MB-82HS.webp 1800w, https:\/\/koduaken.ee\/alumiinium\/wp-content\/uploads\/2025\/05\/MB-82HS-300x200.webp 300w, https:\/\/koduaken.ee\/alumiinium\/wp-content\/uploads\/2025\/05\/MB-82HS-1024x683.webp 1024w, https:\/\/koduaken.ee\/alumiinium\/wp-content\/uploads\/2025\/05\/MB-82HS-768x512.webp 768w, https:\/\/koduaken.ee\/alumiinium\/wp-content\/uploads\/2025\/05\/MB-82HS-1536x1024.webp 1536w, https:\/\/koduaken.ee\/alumiinium\/wp-content\/uploads\/2025\/05\/MB-82HS-900x600.webp 900w\" data-sizes=\"(max-width: 1800px) 100vw, 1800px\" src=\"data:image\/gif;base64,R0lGODlhAQABAAAAACH5BAEKAAEALAAAAAABAAEAAAICTAEAOw==\" style=\"--smush-placeholder-width: 1800px; --smush-placeholder-aspect-ratio: 1800\/1200;\" \/>                                <\/div>\r\n\t\t\t\t\t\t\t                            <h3>MB-82HS<\/h3>\r\n                            <div class=\"excerpt-container\">\r\n                                <div class=\"excerpt-content collapsed\">\r\n\t\t\t                        <p>Uus ja veelgi paremate soojusomadustega t\u00f5st-l\u00fckandukses\u00fcsteem, v\u00f5rreldes MB-77HS-ga. See on m\u00f5eldud eriti energiat\u00f5husatele ja passiivmajadele, kus oluline on soojapidavus ilma kompromissita avaruses. V\u00f5imaldab v\u00e4ga suuri klaaspindu ja minimalistlikku v\u00e4limust. Tugev konstruktsioon tagab pika kasutusea ja suure kasutusmugavuse. Sobib neile, kes soovivad maksimaalset valgust ja luksuslikku disaini.<\/p>\n                                <\/div>\r\n                                <a href=\"#\" class=\"excerpt-toggle\">Loe veel<\/a>\r\n                            <\/div>\r\n                        <\/div>\r\n                    <\/div>\r\n\t\t\t\t                    <div class=\"col-lg-4 col-md-6\">\r\n                        <div class=\"product-item\">\r\n\t\t\t\t\t\t\t                                <div class=\"product-image\">\r\n\t\t\t\t\t\t\t\t\t<img decoding=\"async\" width=\"1679\" height=\"1200\" data-src=\"https:\/\/koduaken.ee\/alumiinium\/wp-content\/uploads\/2025\/05\/MB-77HS.webp\" class=\"attachment-full size-full wp-post-image lazyload\" alt=\"\" data-srcset=\"https:\/\/koduaken.ee\/alumiinium\/wp-content\/uploads\/2025\/05\/MB-77HS.webp 1679w, https:\/\/koduaken.ee\/alumiinium\/wp-content\/uploads\/2025\/05\/MB-77HS-300x214.webp 300w, https:\/\/koduaken.ee\/alumiinium\/wp-content\/uploads\/2025\/05\/MB-77HS-1024x732.webp 1024w, https:\/\/koduaken.ee\/alumiinium\/wp-content\/uploads\/2025\/05\/MB-77HS-768x549.webp 768w, https:\/\/koduaken.ee\/alumiinium\/wp-content\/uploads\/2025\/05\/MB-77HS-1536x1098.webp 1536w\" data-sizes=\"(max-width: 1679px) 100vw, 1679px\" src=\"data:image\/gif;base64,R0lGODlhAQABAAAAACH5BAEKAAEALAAAAAABAAEAAAICTAEAOw==\" style=\"--smush-placeholder-width: 1679px; --smush-placeholder-aspect-ratio: 1679\/1200;\" \/>                                <\/div>\r\n\t\t\t\t\t\t\t                            <h3>MB-77HS<\/h3>\r\n                            <div class=\"excerpt-container\">\r\n                                <div class=\"excerpt-content collapsed\">\r\n\t\t\t                        <p>K\u00f5rgklassi t\u00f5st-l\u00fckanduks, mis v\u00f5imaldab suuri klaaspindu, s\u00e4ilitades samas v\u00e4ga hea soojapidavuse. Uksed liiguvad kergelt ja vaikselt, isegi suurte m\u00f5\u00f5tmete korral. Sobib ideaalselt terrassidele v\u00f5i r\u00f5dudele, kus soovitakse suurt avatust ja valgusk\u00fcllasust. V\u00f5imalik on madal l\u00e4vepakk, mis muudab ukse eriti mugavaks kasutada. Hea lahendus modernsetesse ja energiat\u00f5husatesse kodudesse.<\/p>\n                                <\/div>\r\n                                <a href=\"#\" class=\"excerpt-toggle\">Loe veel<\/a>\r\n                            <\/div>\r\n                        <\/div>\r\n                    <\/div>\r\n\t\t\t\t            <\/div>\r\n\r\n\t\t\t        <\/div>\r\n\t[\/vc_column][\/vc_row][vc_row type=&#8221;in_container&#8221; full_screen_row_position=&#8221;middle&#8221; column_margin=&#8221;default&#8221; column_direction=&#8221;default&#8221; column_direction_tablet=&#8221;default&#8221; column_direction_phone=&#8221;default&#8221; scene_position=&#8221;center&#8221; text_color=&#8221;dark&#8221; text_align=&#8221;left&#8221; row_border_radius=&#8221;none&#8221; row_border_radius_applies=&#8221;bg&#8221; overflow=&#8221;visible&#8221; overlay_strength=&#8221;0.3&#8243; gradient_direction=&#8221;left_to_right&#8221; shape_divider_position=&#8221;bottom&#8221; bg_image_animation=&#8221;none&#8221;][vc_column column_padding=&#8221;no-extra-padding&#8221; column_padding_tablet=&#8221;inherit&#8221; column_padding_phone=&#8221;inherit&#8221; column_padding_position=&#8221;all&#8221; column_element_direction_desktop=&#8221;default&#8221; column_element_spacing=&#8221;default&#8221; desktop_text_alignment=&#8221;default&#8221; tablet_text_alignment=&#8221;default&#8221; phone_text_alignment=&#8221;default&#8221; background_color_opacity=&#8221;1&#8243; background_hover_color_opacity=&#8221;1&#8243; column_backdrop_filter=&#8221;none&#8221; column_shadow=&#8221;none&#8221; column_border_radius=&#8221;none&#8221; column_link_target=&#8221;_self&#8221; column_position=&#8221;default&#8221; gradient_direction=&#8221;left_to_right&#8221; overlay_strength=&#8221;0.3&#8243; width=&#8221;1\/1&#8243; tablet_width_inherit=&#8221;default&#8221; animation_type=&#8221;default&#8221; bg_image_animation=&#8221;none&#8221; border_type=&#8221;simple&#8221; column_border_width=&#8221;none&#8221; column_border_style=&#8221;solid&#8221;][nectar_global_section id=&#8221;369&#8243;][\/vc_column][\/vc_row]\n","protected":false},"excerpt":{"rendered":"<p>[vc_row type=&#8221;in_container&#8221; full_screen_row_position=&#8221;middle&#8221; column_margin=&#8221;default&#8221; column_direction=&#8221;default&#8221; column_direction_tablet=&#8221;default&#8221; column_direction_phone=&#8221;default&#8221; scene_position=&#8221;center&#8221; text_color=&#8221;dark&#8221; text_align=&#8221;left&#8221; row_border_radius=&#8221;none&#8221; row_border_radius_applies=&#8221;bg&#8221; overflow=&#8221;visible&#8221; overlay_strength=&#8221;0.3&#8243; gradient_direction=&#8221;left_to_right&#8221; shape_divider_position=&#8221;bottom&#8221; bg_image_animation=&#8221;none&#8221;][vc_column column_padding=&#8221;no-extra-padding&#8221; column_padding_tablet=&#8221;inherit&#8221; column_padding_phone=&#8221;inherit&#8221; column_padding_position=&#8221;all&#8221; column_element_direction_desktop=&#8221;default&#8221; column_element_spacing=&#8221;default&#8221; desktop_text_alignment=&#8221;default&#8221; tablet_text_alignment=&#8221;default&#8221; phone_text_alignment=&#8221;default&#8221; background_color_opacity=&#8221;1&#8243; background_hover_color_opacity=&#8221;1&#8243; column_backdrop_filter=&#8221;none&#8221; column_shadow=&#8221;none&#8221;&#8230;<\/p>\n","protected":false},"author":1,"featured_media":0,"parent":0,"menu_order":0,"comment_status":"closed","ping_status":"closed","template":"","meta":{"footnotes":""},"class_list":["post-396","page","type-page","status-publish"],"_links":{"self":[{"href":"https:\/\/koduaken.ee\/alumiinium\/wp-json\/wp\/v2\/pages\/396","targetHints":{"allow":["GET"]}}],"collection":[{"href":"https:\/\/koduaken.ee\/alumiinium\/wp-json\/wp\/v2\/pages"}],"about":[{"href":"https:\/\/koduaken.ee\/alumiinium\/wp-json\/wp\/v2\/types\/page"}],"author":[{"embeddable":true,"href":"https:\/\/koduaken.ee\/alumiinium\/wp-json\/wp\/v2\/users\/1"}],"replies":[{"embeddable":true,"href":"https:\/\/koduaken.ee\/alumiinium\/wp-json\/wp\/v2\/comments?post=396"}],"version-history":[{"count":0,"href":"https:\/\/koduaken.ee\/alumiinium\/wp-json\/wp\/v2\/pages\/396\/revisions"}],"wp:attachment":[{"href":"https:\/\/koduaken.ee\/alumiinium\/wp-json\/wp\/v2\/media?parent=396"}],"curies":[{"name":"wp","href":"https:\/\/api.w.org\/{rel}","templated":true}]}}