{"id":398,"date":"2025-03-21T16:59:11","date_gmt":"2025-03-21T16:59:11","guid":{"rendered":"https:\/\/koduaken.ee\/alumiinium\/?page_id=398"},"modified":"2025-05-21T22:28:50","modified_gmt":"2025-05-21T22:28:50","slug":"siseelemendid-vaheseinad","status":"publish","type":"page","link":"https:\/\/koduaken.ee\/alumiinium\/siseelemendid-vaheseinad\/","title":{"rendered":"Siseelemendid \/ Vaheseinad"},"content":{"rendered":"[vc_row type=&#8221;in_container&#8221; full_screen_row_position=&#8221;middle&#8221; column_margin=&#8221;default&#8221; column_direction=&#8221;default&#8221; column_direction_tablet=&#8221;default&#8221; column_direction_phone=&#8221;default&#8221; scene_position=&#8221;center&#8221; text_color=&#8221;dark&#8221; text_align=&#8221;left&#8221; row_border_radius=&#8221;none&#8221; row_border_radius_applies=&#8221;bg&#8221; overflow=&#8221;visible&#8221; overlay_strength=&#8221;0.3&#8243; gradient_direction=&#8221;left_to_right&#8221; shape_divider_position=&#8221;bottom&#8221; bg_image_animation=&#8221;none&#8221;][vc_column column_padding=&#8221;no-extra-padding&#8221; column_padding_tablet=&#8221;inherit&#8221; column_padding_phone=&#8221;inherit&#8221; column_padding_position=&#8221;all&#8221; column_element_direction_desktop=&#8221;default&#8221; column_element_spacing=&#8221;default&#8221; desktop_text_alignment=&#8221;default&#8221; tablet_text_alignment=&#8221;default&#8221; phone_text_alignment=&#8221;default&#8221; background_color_opacity=&#8221;1&#8243; background_hover_color_opacity=&#8221;1&#8243; column_backdrop_filter=&#8221;none&#8221; column_shadow=&#8221;none&#8221; column_border_radius=&#8221;none&#8221; column_link_target=&#8221;_self&#8221; column_position=&#8221;default&#8221; gradient_direction=&#8221;left_to_right&#8221; overlay_strength=&#8221;0.3&#8243; width=&#8221;1\/1&#8243; tablet_width_inherit=&#8221;default&#8221; animation_type=&#8221;default&#8221; bg_image_animation=&#8221;none&#8221; border_type=&#8221;simple&#8221; column_border_width=&#8221;none&#8221; column_border_style=&#8221;solid&#8221;][vc_custom_heading source=&#8221;post_title&#8221; font_container=&#8221;tag:h2|text_align:center&#8221; use_theme_fonts=&#8221;yes&#8221; css=&#8221;&#8221;][\/vc_column][\/vc_row][vc_row type=&#8221;in_container&#8221; full_screen_row_position=&#8221;middle&#8221; column_margin=&#8221;default&#8221; column_direction=&#8221;default&#8221; column_direction_tablet=&#8221;default&#8221; column_direction_phone=&#8221;default&#8221; scene_position=&#8221;center&#8221; text_color=&#8221;dark&#8221; text_align=&#8221;left&#8221; row_border_radius=&#8221;none&#8221; row_border_radius_applies=&#8221;bg&#8221; overflow=&#8221;visible&#8221; overlay_strength=&#8221;0.3&#8243; gradient_direction=&#8221;left_to_right&#8221; shape_divider_position=&#8221;bottom&#8221; bg_image_animation=&#8221;none&#8221;][vc_column column_padding=&#8221;no-extra-padding&#8221; column_padding_tablet=&#8221;inherit&#8221; column_padding_phone=&#8221;inherit&#8221; column_padding_position=&#8221;all&#8221; column_element_direction_desktop=&#8221;default&#8221; column_element_spacing=&#8221;default&#8221; desktop_text_alignment=&#8221;default&#8221; tablet_text_alignment=&#8221;default&#8221; phone_text_alignment=&#8221;default&#8221; background_color_opacity=&#8221;1&#8243; background_hover_color_opacity=&#8221;1&#8243; column_backdrop_filter=&#8221;none&#8221; column_shadow=&#8221;none&#8221; column_border_radius=&#8221;none&#8221; column_link_target=&#8221;_self&#8221; column_position=&#8221;default&#8221; gradient_direction=&#8221;left_to_right&#8221; overlay_strength=&#8221;0.3&#8243; width=&#8221;1\/1&#8243; tablet_width_inherit=&#8221;default&#8221; animation_type=&#8221;default&#8221; bg_image_animation=&#8221;none&#8221; border_type=&#8221;simple&#8221; column_border_width=&#8221;none&#8221; column_border_style=&#8221;solid&#8221;]        <div class=\"products-grid columns-3\">\r\n            <div class=\"row\">\r\n\t\t\t\t                    <div class=\"col-lg-4 col-md-6\">\r\n                        <div class=\"product-item\">\r\n\t\t\t\t\t\t\t                                <div class=\"product-image\">\r\n\t\t\t\t\t\t\t\t\t<img decoding=\"async\" width=\"1679\" height=\"1200\" data-src=\"https:\/\/koduaken.ee\/alumiinium\/wp-content\/uploads\/2025\/05\/MB-HARMONY.webp\" class=\"attachment-full size-full wp-post-image lazyload\" alt=\"Aluprofi l\u00fckanduks klaaspaketiga \u2013 alumiiniumprofiiliga l\u00fckands\u00fcsteem sujuvaks ja valgusk\u00fcllaseks \u00fchenduseks sise- ja v\u00e4lisruumi vahel\" data-srcset=\"https:\/\/koduaken.ee\/alumiinium\/wp-content\/uploads\/2025\/05\/MB-HARMONY.webp 1679w, https:\/\/koduaken.ee\/alumiinium\/wp-content\/uploads\/2025\/05\/MB-HARMONY-300x214.webp 300w, https:\/\/koduaken.ee\/alumiinium\/wp-content\/uploads\/2025\/05\/MB-HARMONY-1024x732.webp 1024w, https:\/\/koduaken.ee\/alumiinium\/wp-content\/uploads\/2025\/05\/MB-HARMONY-768x549.webp 768w, https:\/\/koduaken.ee\/alumiinium\/wp-content\/uploads\/2025\/05\/MB-HARMONY-1536x1098.webp 1536w\" data-sizes=\"(max-width: 1679px) 100vw, 1679px\" src=\"data:image\/gif;base64,R0lGODlhAQABAAAAACH5BAEKAAEALAAAAAABAAEAAAICTAEAOw==\" style=\"--smush-placeholder-width: 1679px; --smush-placeholder-aspect-ratio: 1679\/1200;\" \/>                                <\/div>\r\n\t\t\t\t\t\t\t                            <h3>MB-HARMONY OFFICE<\/h3>\r\n                            <div class=\"excerpt-container\">\r\n                                <div class=\"excerpt-content collapsed\">\r\n\t\t\t                        <p>Eksklusiivne, k\u00f5rgema klassi sisevaheseinas\u00fcsteem, mis \u00fchendab t\u00e4isklaaspinna luksusliku v\u00e4limuse ja hea heliisolatsiooni. S\u00fcsteem v\u00f5imaldab kasutada kaheseinalisi struktuure, mis tagavad parema akustika ja suurema privaatsuse \u2013 eriti t\u00e4htis avatud kontorites. Ukse- ja seinalahendused on viimistletud kvaliteetsete detailidega ning saadaval mitmes v\u00e4rvi- ja materjalivalikus. Sobib neile, kes otsivad sisekujunduses nii stiili kui ka funktsionaalsust. T\u00e4iuslik valik premium-kontoritesse ja juhtkonnaruumidesse.<\/p>\n                                <\/div>\r\n                                <a href=\"#\" class=\"excerpt-toggle\">Loe veel<\/a>\r\n                            <\/div>\r\n                        <\/div>\r\n                    <\/div>\r\n\t\t\t\t                    <div class=\"col-lg-4 col-md-6\">\r\n                        <div class=\"product-item\">\r\n\t\t\t\t\t\t\t                                <div class=\"product-image\">\r\n\t\t\t\t\t\t\t\t\t<img decoding=\"async\" width=\"263\" height=\"614\" data-src=\"https:\/\/koduaken.ee\/alumiinium\/wp-content\/uploads\/2025\/05\/MB-EXPO.webp\" class=\"attachment-full size-full wp-post-image lazyload\" alt=\"Aluprofi alumiiniumist klaaspaneelpiire \u2013 stiilne ja turvaline piirdelahendus r\u00f5dudele ja trepikodadele\" data-srcset=\"https:\/\/koduaken.ee\/alumiinium\/wp-content\/uploads\/2025\/05\/MB-EXPO.webp 263w, https:\/\/koduaken.ee\/alumiinium\/wp-content\/uploads\/2025\/05\/MB-EXPO-129x300.webp 129w\" data-sizes=\"(max-width: 263px) 100vw, 263px\" src=\"data:image\/gif;base64,R0lGODlhAQABAAAAACH5BAEKAAEALAAAAAABAAEAAAICTAEAOw==\" style=\"--smush-placeholder-width: 263px; --smush-placeholder-aspect-ratio: 263\/614;\" \/>                                <\/div>\r\n\t\t\t\t\t\t\t                            <h3>MB-EXPO<\/h3>\r\n                            <div class=\"excerpt-container\">\r\n                                <div class=\"excerpt-content collapsed\">\r\n\t\t\t                        <p>Modulaarne klaasseinas\u00fcsteem, mis v\u00f5imaldab kiiret ja paindlikku siseruumide jagamist ilma p\u00fcsivate seinteta. See on eriti sobilik n\u00e4itusesaalidesse, kauplustesse v\u00f5i ajutisteks lahendusteks kontorites. Profiilid on kitsad ning neid saab paigaldada ilma alumise ja \u00fclemise juhtsiinita, mis teeb disaini eriti puhtaks ja avaraks. Klaaspaneelid kinnitatakse turvaliselt ja n\u00e4htamatult. Elegantne ja kergesti muudetav s\u00fcsteem neile, kes soovivad ruumide paindlikku kasutust.<\/p>\n                                <\/div>\r\n                                <a href=\"#\" class=\"excerpt-toggle\">Loe veel<\/a>\r\n                            <\/div>\r\n                        <\/div>\r\n                    <\/div>\r\n\t\t\t\t                    <div class=\"col-lg-4 col-md-6\">\r\n                        <div class=\"product-item\">\r\n\t\t\t\t\t\t\t                                <div class=\"product-image\">\r\n\t\t\t\t\t\t\t\t\t<img decoding=\"async\" width=\"383\" height=\"614\" data-src=\"https:\/\/koduaken.ee\/alumiinium\/wp-content\/uploads\/2025\/05\/MB-45-OFFICE.webp\" class=\"attachment-full size-full wp-post-image lazyload\" alt=\"\" data-srcset=\"https:\/\/koduaken.ee\/alumiinium\/wp-content\/uploads\/2025\/05\/MB-45-OFFICE.webp 383w, https:\/\/koduaken.ee\/alumiinium\/wp-content\/uploads\/2025\/05\/MB-45-OFFICE-187x300.webp 187w\" data-sizes=\"(max-width: 383px) 100vw, 383px\" src=\"data:image\/gif;base64,R0lGODlhAQABAAAAACH5BAEKAAEALAAAAAABAAEAAAICTAEAOw==\" style=\"--smush-placeholder-width: 383px; --smush-placeholder-aspect-ratio: 383\/614;\" \/>                                <\/div>\r\n\t\t\t\t\t\t\t                            <h3>MB-45 OFFICE<\/h3>\r\n                            <div class=\"excerpt-container\">\r\n                                <div class=\"excerpt-content collapsed\">\r\n\t\t\t                        <p>MB-45 OFFICE on klaasvaheseinas\u00fcsteem, mis sobib ideaalselt kaasaegsetesse kontoritesse ja \u00e4rihoonetesse. See v\u00f5imaldab luua l\u00e4bipaistvaid, valgusk\u00fcllaseid ruumijaotusi, s\u00e4ilitades samal ajal vaikuse ja privaatsuse. Profiilid on \u00f5hukesed ja minimalistlikud, mis loob kerge ja elegantse ilme. S\u00fcsteem v\u00f5imaldab ka uste integreerimist klaasseintesse \u2013 nii p\u00f6\u00f6rd- kui ka l\u00fckanduksi. Tegu on praktilise ja stiilse lahendusega avatud kontoripindade ja koosolekuruumide kujundamiseks.<\/p>\n                                <\/div>\r\n                                <a href=\"#\" class=\"excerpt-toggle\">Loe veel<\/a>\r\n                            <\/div>\r\n                        <\/div>\r\n                    <\/div>\r\n\t\t\t\t                    <div class=\"col-lg-4 col-md-6\">\r\n                        <div class=\"product-item\">\r\n\t\t\t\t\t\t\t                                <div class=\"product-image\">\r\n\t\t\t\t\t\t\t\t\t<img decoding=\"async\" width=\"512\" height=\"614\" data-src=\"https:\/\/koduaken.ee\/alumiinium\/wp-content\/uploads\/2025\/05\/MB-45-uks.webp\" class=\"attachment-full size-full wp-post-image lazyload\" alt=\"\" data-srcset=\"https:\/\/koduaken.ee\/alumiinium\/wp-content\/uploads\/2025\/05\/MB-45-uks.webp 512w, https:\/\/koduaken.ee\/alumiinium\/wp-content\/uploads\/2025\/05\/MB-45-uks-250x300.webp 250w\" data-sizes=\"(max-width: 512px) 100vw, 512px\" src=\"data:image\/gif;base64,R0lGODlhAQABAAAAACH5BAEKAAEALAAAAAABAAEAAAICTAEAOw==\" style=\"--smush-placeholder-width: 512px; --smush-placeholder-aspect-ratio: 512\/614;\" \/>                                <\/div>\r\n\t\t\t\t\t\t\t                            <h3>MB-45<\/h3>\r\n                            <div class=\"excerpt-container\">\r\n                                <div class=\"excerpt-content collapsed\">\r\n\t\t\t                        <p>Ilma k\u00fclmakatkestuseta soodne ning praktiline akna- ja ukses\u00fcsteem. Kasutusvaldkonnad on peamiselt sisetingimustes ning v\u00e4listingimustes kohtades, kus soojusisolatsioon ei ole vajalik. MB-45 sobib kasutamiseks \u00fcksikute elemntidena kui ka uste, akende ning klaasvaheseinte mooduls\u00fcsteemidena. Lai profiilivalik v\u00f5imaldab valmistada kuluefektiivselt erinevaid konstruktsioone &#8211; seal hulgas erit\u00fc\u00fcpi uksi, vaheseinu kui ka kaldavatavaid, p\u00f6\u00f6rdavatavaid ja kald-p\u00f6\u00f6rdavatavaid aknad. S\u00fcsteem sobib suurep\u00e4raselt nii keskmise kui ka suure koormusega era-, \u00e4ri- ja avaliku sektori vajadustele.<\/p>\n                                <\/div>\r\n                                <a href=\"#\" class=\"excerpt-toggle\">Loe veel<\/a>\r\n                            <\/div>\r\n                        <\/div>\r\n                    <\/div>\r\n\t\t\t\t            <\/div>\r\n\r\n\t\t\t        <\/div>\r\n\t[\/vc_column][\/vc_row][vc_row type=&#8221;in_container&#8221; full_screen_row_position=&#8221;middle&#8221; column_margin=&#8221;default&#8221; column_direction=&#8221;default&#8221; column_direction_tablet=&#8221;default&#8221; column_direction_phone=&#8221;default&#8221; scene_position=&#8221;center&#8221; text_color=&#8221;dark&#8221; text_align=&#8221;left&#8221; row_border_radius=&#8221;none&#8221; row_border_radius_applies=&#8221;bg&#8221; overflow=&#8221;visible&#8221; overlay_strength=&#8221;0.3&#8243; gradient_direction=&#8221;left_to_right&#8221; shape_divider_position=&#8221;bottom&#8221; bg_image_animation=&#8221;none&#8221;][vc_column column_padding=&#8221;no-extra-padding&#8221; column_padding_tablet=&#8221;inherit&#8221; column_padding_phone=&#8221;inherit&#8221; column_padding_position=&#8221;all&#8221; column_element_direction_desktop=&#8221;default&#8221; column_element_spacing=&#8221;default&#8221; desktop_text_alignment=&#8221;default&#8221; tablet_text_alignment=&#8221;default&#8221; phone_text_alignment=&#8221;default&#8221; background_color_opacity=&#8221;1&#8243; background_hover_color_opacity=&#8221;1&#8243; column_backdrop_filter=&#8221;none&#8221; column_shadow=&#8221;none&#8221; column_border_radius=&#8221;none&#8221; column_link_target=&#8221;_self&#8221; column_position=&#8221;default&#8221; gradient_direction=&#8221;left_to_right&#8221; overlay_strength=&#8221;0.3&#8243; width=&#8221;1\/1&#8243; tablet_width_inherit=&#8221;default&#8221; animation_type=&#8221;default&#8221; bg_image_animation=&#8221;none&#8221; border_type=&#8221;simple&#8221; column_border_width=&#8221;none&#8221; column_border_style=&#8221;solid&#8221;][nectar_global_section id=&#8221;369&#8243;][\/vc_column][\/vc_row]\n","protected":false},"excerpt":{"rendered":"<p>[vc_row type=&#8221;in_container&#8221; full_screen_row_position=&#8221;middle&#8221; column_margin=&#8221;default&#8221; column_direction=&#8221;default&#8221; column_direction_tablet=&#8221;default&#8221; column_direction_phone=&#8221;default&#8221; scene_position=&#8221;center&#8221; text_color=&#8221;dark&#8221; text_align=&#8221;left&#8221; row_border_radius=&#8221;none&#8221; row_border_radius_applies=&#8221;bg&#8221; overflow=&#8221;visible&#8221; overlay_strength=&#8221;0.3&#8243; gradient_direction=&#8221;left_to_right&#8221; shape_divider_position=&#8221;bottom&#8221; bg_image_animation=&#8221;none&#8221;][vc_column column_padding=&#8221;no-extra-padding&#8221; column_padding_tablet=&#8221;inherit&#8221; column_padding_phone=&#8221;inherit&#8221; column_padding_position=&#8221;all&#8221; column_element_direction_desktop=&#8221;default&#8221; column_element_spacing=&#8221;default&#8221; desktop_text_alignment=&#8221;default&#8221; tablet_text_alignment=&#8221;default&#8221; phone_text_alignment=&#8221;default&#8221; background_color_opacity=&#8221;1&#8243; background_hover_color_opacity=&#8221;1&#8243; column_backdrop_filter=&#8221;none&#8221; column_shadow=&#8221;none&#8221;&#8230;<\/p>\n","protected":false},"author":1,"featured_media":0,"parent":0,"menu_order":0,"comment_status":"closed","ping_status":"closed","template":"","meta":{"footnotes":""},"class_list":["post-398","page","type-page","status-publish"],"_links":{"self":[{"href":"https:\/\/koduaken.ee\/alumiinium\/wp-json\/wp\/v2\/pages\/398","targetHints":{"allow":["GET"]}}],"collection":[{"href":"https:\/\/koduaken.ee\/alumiinium\/wp-json\/wp\/v2\/pages"}],"about":[{"href":"https:\/\/koduaken.ee\/alumiinium\/wp-json\/wp\/v2\/types\/page"}],"author":[{"embeddable":true,"href":"https:\/\/koduaken.ee\/alumiinium\/wp-json\/wp\/v2\/users\/1"}],"replies":[{"embeddable":true,"href":"https:\/\/koduaken.ee\/alumiinium\/wp-json\/wp\/v2\/comments?post=398"}],"version-history":[{"count":0,"href":"https:\/\/koduaken.ee\/alumiinium\/wp-json\/wp\/v2\/pages\/398\/revisions"}],"wp:attachment":[{"href":"https:\/\/koduaken.ee\/alumiinium\/wp-json\/wp\/v2\/media?parent=398"}],"curies":[{"name":"wp","href":"https:\/\/api.w.org\/{rel}","templated":true}]}}