{"id":400,"date":"2025-03-21T16:59:36","date_gmt":"2025-03-21T16:59:36","guid":{"rendered":"https:\/\/koduaken.ee\/alumiinium\/?page_id=400"},"modified":"2025-03-25T18:38:47","modified_gmt":"2025-03-25T18:38:47","slug":"tuletokke-ja-suitsutokke-tooted","status":"publish","type":"page","link":"https:\/\/koduaken.ee\/alumiinium\/tuletokke-ja-suitsutokke-tooted\/","title":{"rendered":"Tulet\u00f5kke ja suitsut\u00f5kke tooted"},"content":{"rendered":"[vc_row type=&#8221;in_container&#8221; full_screen_row_position=&#8221;middle&#8221; column_margin=&#8221;default&#8221; column_direction=&#8221;default&#8221; column_direction_tablet=&#8221;default&#8221; column_direction_phone=&#8221;default&#8221; scene_position=&#8221;center&#8221; text_color=&#8221;dark&#8221; text_align=&#8221;left&#8221; row_border_radius=&#8221;none&#8221; row_border_radius_applies=&#8221;bg&#8221; overflow=&#8221;visible&#8221; overlay_strength=&#8221;0.3&#8243; gradient_direction=&#8221;left_to_right&#8221; shape_divider_position=&#8221;bottom&#8221; bg_image_animation=&#8221;none&#8221;][vc_column column_padding=&#8221;no-extra-padding&#8221; column_padding_tablet=&#8221;inherit&#8221; column_padding_phone=&#8221;inherit&#8221; column_padding_position=&#8221;all&#8221; column_element_direction_desktop=&#8221;default&#8221; column_element_spacing=&#8221;default&#8221; desktop_text_alignment=&#8221;default&#8221; tablet_text_alignment=&#8221;default&#8221; phone_text_alignment=&#8221;default&#8221; background_color_opacity=&#8221;1&#8243; background_hover_color_opacity=&#8221;1&#8243; column_backdrop_filter=&#8221;none&#8221; column_shadow=&#8221;none&#8221; column_border_radius=&#8221;none&#8221; column_link_target=&#8221;_self&#8221; column_position=&#8221;default&#8221; gradient_direction=&#8221;left_to_right&#8221; overlay_strength=&#8221;0.3&#8243; width=&#8221;1\/1&#8243; tablet_width_inherit=&#8221;default&#8221; animation_type=&#8221;default&#8221; bg_image_animation=&#8221;none&#8221; border_type=&#8221;simple&#8221; column_border_width=&#8221;none&#8221; column_border_style=&#8221;solid&#8221;][vc_custom_heading source=&#8221;post_title&#8221; font_container=&#8221;tag:h2|text_align:center&#8221; use_theme_fonts=&#8221;yes&#8221; css=&#8221;&#8221;][\/vc_column][\/vc_row][vc_row type=&#8221;in_container&#8221; full_screen_row_position=&#8221;middle&#8221; column_margin=&#8221;default&#8221; column_direction=&#8221;default&#8221; column_direction_tablet=&#8221;default&#8221; column_direction_phone=&#8221;default&#8221; scene_position=&#8221;center&#8221; text_color=&#8221;dark&#8221; text_align=&#8221;left&#8221; row_border_radius=&#8221;none&#8221; row_border_radius_applies=&#8221;bg&#8221; overflow=&#8221;visible&#8221; overlay_strength=&#8221;0.3&#8243; gradient_direction=&#8221;left_to_right&#8221; shape_divider_position=&#8221;bottom&#8221; bg_image_animation=&#8221;none&#8221;][vc_column column_padding=&#8221;no-extra-padding&#8221; column_padding_tablet=&#8221;inherit&#8221; column_padding_phone=&#8221;inherit&#8221; column_padding_position=&#8221;all&#8221; column_element_direction_desktop=&#8221;default&#8221; column_element_spacing=&#8221;default&#8221; desktop_text_alignment=&#8221;default&#8221; tablet_text_alignment=&#8221;default&#8221; phone_text_alignment=&#8221;default&#8221; background_color_opacity=&#8221;1&#8243; background_hover_color_opacity=&#8221;1&#8243; column_backdrop_filter=&#8221;none&#8221; column_shadow=&#8221;none&#8221; column_border_radius=&#8221;none&#8221; column_link_target=&#8221;_self&#8221; column_position=&#8221;default&#8221; gradient_direction=&#8221;left_to_right&#8221; overlay_strength=&#8221;0.3&#8243; width=&#8221;1\/1&#8243; tablet_width_inherit=&#8221;default&#8221; animation_type=&#8221;default&#8221; bg_image_animation=&#8221;none&#8221; border_type=&#8221;simple&#8221; column_border_width=&#8221;none&#8221; column_border_style=&#8221;solid&#8221;]        <div class=\"products-grid columns-3\">\r\n            <div class=\"row\">\r\n\t\t\t\t                    <div class=\"col-lg-4 col-md-6\">\r\n                        <div class=\"product-item\">\r\n\t\t\t\t\t\t\t                                <div class=\"product-image\">\r\n\t\t\t\t\t\t\t\t\t<img decoding=\"async\" width=\"768\" height=\"765\" data-src=\"https:\/\/koduaken.ee\/alumiinium\/wp-content\/uploads\/2025\/03\/Suitsuarastus.png\" class=\"attachment-full size-full wp-post-image lazyload\" alt=\"Aluprofi suitsu\u00e4rastusaken \u2013 automaatse avamismehhanismiga alumiiniumaken suitsueemalduse ja tuleohutuse tagamiseks\" data-srcset=\"https:\/\/koduaken.ee\/alumiinium\/wp-content\/uploads\/2025\/03\/Suitsuarastus.png 768w, https:\/\/koduaken.ee\/alumiinium\/wp-content\/uploads\/2025\/03\/Suitsuarastus-300x300.png 300w, https:\/\/koduaken.ee\/alumiinium\/wp-content\/uploads\/2025\/03\/Suitsuarastus-150x150.png 150w, https:\/\/koduaken.ee\/alumiinium\/wp-content\/uploads\/2025\/03\/Suitsuarastus-140x140.png 140w, https:\/\/koduaken.ee\/alumiinium\/wp-content\/uploads\/2025\/03\/Suitsuarastus-100x100.png 100w, https:\/\/koduaken.ee\/alumiinium\/wp-content\/uploads\/2025\/03\/Suitsuarastus-350x350.png 350w\" data-sizes=\"(max-width: 768px) 100vw, 768px\" src=\"data:image\/gif;base64,R0lGODlhAQABAAAAACH5BAEKAAEALAAAAAABAAEAAAICTAEAOw==\" style=\"--smush-placeholder-width: 768px; --smush-placeholder-aspect-ratio: 768\/765;\" \/>                                <\/div>\r\n\t\t\t\t\t\t\t                            <h3>SUITSU\u00c4RASTUSS\u00dcSTEEMID<\/h3>\r\n                            <div class=\"excerpt-container\">\r\n                                <div class=\"excerpt-content collapsed\">\r\n\t\t\t                        <p><span style=\"font-weight: 400;\">Suitsu\u00e4rastusel on majaelanike ohutuse tagamisel eriline roll. Suitsu\u00e4rastus aitab kiiresti vabaneda tervisele ja elule ohtlikust suitsust ja m\u00fcrgistest aurudest. Meie poolt toodetud alumiiniumprofiili s\u00fcsteemidel p\u00f5hinevad suitsu\u00e4rastusaknad on varustatud spetsiaalsete avamismehhanismidega ning on testitud ja sertifitseeritud vastavalt standardile EN 12101-2. Laialdaste lahenduste t\u00f5ttu sobib meie toode h\u00e4sti nii \u00fcksiktooteks kui ka liitmiseks meie toodetavate alumiiniumfassaadi ja valguskatuse s\u00fcsteemidega.<\/span><\/p>\n                                <\/div>\r\n                                <a href=\"#\" class=\"excerpt-toggle\">Loe veel<\/a>\r\n                            <\/div>\r\n                        <\/div>\r\n                    <\/div>\r\n\t\t\t\t                    <div class=\"col-lg-4 col-md-6\">\r\n                        <div class=\"product-item\">\r\n\t\t\t\t\t\t\t                                <div class=\"product-image\">\r\n\t\t\t\t\t\t\t\t\t<img decoding=\"async\" width=\"563\" height=\"614\" data-src=\"https:\/\/koduaken.ee\/alumiinium\/wp-content\/uploads\/2025\/05\/MB-SR50N-EI.webp\" class=\"attachment-full size-full wp-post-image lazyload\" alt=\"Kolmekordse klaaspaketiga Aluprofi alumiiniumfassaadi l\u00f5ige \u2013 vastupidav ja soojustatud klaasfassaadi profiil modernsetele hoonetele\" data-srcset=\"https:\/\/koduaken.ee\/alumiinium\/wp-content\/uploads\/2025\/05\/MB-SR50N-EI.webp 563w, https:\/\/koduaken.ee\/alumiinium\/wp-content\/uploads\/2025\/05\/MB-SR50N-EI-275x300.webp 275w\" data-sizes=\"(max-width: 563px) 100vw, 563px\" src=\"data:image\/gif;base64,R0lGODlhAQABAAAAACH5BAEKAAEALAAAAAABAAEAAAICTAEAOw==\" style=\"--smush-placeholder-width: 563px; --smush-placeholder-aspect-ratio: 563\/614;\" \/>                                <\/div>\r\n\t\t\t\t\t\t\t                            <h3>MB-SR50N EI<\/h3>\r\n                            <div class=\"excerpt-container\">\r\n                                <div class=\"excerpt-content collapsed\">\r\n\t\t\t                        <p><span style=\"font-weight: 400;\">Klaasfassaadis\u00fcsteem, mis tagab tulep\u00fcsivuse kuni 60 minutiks (EI60), sobides ideaalselt avalike hoonete sissep\u00e4\u00e4sude ja vitriinide jaoks. S\u00fcsteem v\u00f5imaldab suure klaaspinna kasutamist, s\u00e4ilitades samal ajal vajalikud tulet\u00f5kken\u00f5uded. See on visuaalselt sarnane tavalisele MB-SR50N fassaadile, kuid sisaldab varjatud tulekaitsekihti. Sobib h\u00e4sti n\u00e4iteks hoone evakuatsiooniteede katmiseks v\u00f5i vitriinide ohutuks eraldamiseks. Tugev, turvaline ja esteetiliselt k\u00f5rgetasemeline lahendus.<\/span><\/p>\n                                <\/div>\r\n                                <a href=\"#\" class=\"excerpt-toggle\">Loe veel<\/a>\r\n                            <\/div>\r\n                        <\/div>\r\n                    <\/div>\r\n\t\t\t\t                    <div class=\"col-lg-4 col-md-6\">\r\n                        <div class=\"product-item\">\r\n\t\t\t\t\t\t\t                                <div class=\"product-image\">\r\n\t\t\t\t\t\t\t\t\t<img decoding=\"async\" width=\"396\" height=\"614\" data-src=\"https:\/\/koduaken.ee\/alumiinium\/wp-content\/uploads\/2025\/05\/MB-60-EI.webp\" class=\"attachment-full size-full wp-post-image lazyload\" alt=\"\" data-srcset=\"https:\/\/koduaken.ee\/alumiinium\/wp-content\/uploads\/2025\/05\/MB-60-EI.webp 396w, https:\/\/koduaken.ee\/alumiinium\/wp-content\/uploads\/2025\/05\/MB-60-EI-193x300.webp 193w\" data-sizes=\"(max-width: 396px) 100vw, 396px\" src=\"data:image\/gif;base64,R0lGODlhAQABAAAAACH5BAEKAAEALAAAAAABAAEAAAICTAEAOw==\" style=\"--smush-placeholder-width: 396px; --smush-placeholder-aspect-ratio: 396\/614;\" \/>                                <\/div>\r\n\t\t\t\t\t\t\t                            <h3>MB-60E EI<\/h3>\r\n                            <div class=\"excerpt-container\">\r\n                                <div class=\"excerpt-content collapsed\">\r\n\t\t\t                        <a class=\"nectar-button n-sc-button small accent-color regular-button\" target=\"_blank\" href=\"https:\/\/koduaken.ee\/alumiinium\/wp-content\/uploads\/2025\/05\/MB-60_EN.pdf\" data-color-override=\"false\" data-hover-color-override=\"false\" data-hover-text-color-override=\"#fff\"><span>Dokumentatsioon<\/span><\/a>\n<p><span style=\"font-weight: 400;\">Tulekindel ukse- ja vaheseinas\u00fcsteem, mis suudab takistada tule ja suitsu levikut kuni 30 minutiks (EI30). S\u00fcsteem p\u00f5hineb MB-60 profiilil, millele on lisatud spetsiaalsed tulekaitsematerjalid. Sobib h\u00e4sti siseruumidesse \u2013 n\u00e4iteks koridoride, tehnoruumide v\u00f5i evakuatsiooniteede eraldamiseks. See on taskukohane lahendus kohtadesse, kus on vajalik tulet\u00f5ke, aga mitte maksimaalne isolatsioon. Visuaalselt sarnaneb tavaliste alumiiniumukse- v\u00f5i seinas\u00fcsteemidega.<\/span><\/p>\n                                <\/div>\r\n                                <a href=\"#\" class=\"excerpt-toggle\">Loe veel<\/a>\r\n                            <\/div>\r\n                        <\/div>\r\n                    <\/div>\r\n\t\t\t\t                    <div class=\"col-lg-4 col-md-6\">\r\n                        <div class=\"product-item\">\r\n\t\t\t\t\t\t\t                                <div class=\"product-image\">\r\n\t\t\t\t\t\t\t\t\t<img decoding=\"async\" width=\"498\" height=\"614\" data-src=\"https:\/\/koduaken.ee\/alumiinium\/wp-content\/uploads\/2025\/05\/MB-78-EI.webp\" class=\"attachment-full size-full wp-post-image lazyload\" alt=\"\" data-srcset=\"https:\/\/koduaken.ee\/alumiinium\/wp-content\/uploads\/2025\/05\/MB-78-EI.webp 498w, https:\/\/koduaken.ee\/alumiinium\/wp-content\/uploads\/2025\/05\/MB-78-EI-243x300.webp 243w\" data-sizes=\"(max-width: 498px) 100vw, 498px\" src=\"data:image\/gif;base64,R0lGODlhAQABAAAAACH5BAEKAAEALAAAAAABAAEAAAICTAEAOw==\" style=\"--smush-placeholder-width: 498px; --smush-placeholder-aspect-ratio: 498\/614;\" \/>                                <\/div>\r\n\t\t\t\t\t\t\t                            <h3>MB-78EI<\/h3>\r\n                            <div class=\"excerpt-container\">\r\n                                <div class=\"excerpt-content collapsed\">\r\n\t\t\t                        <p><span style=\"font-weight: 400;\">Laialdaselt kasutatav tulekindel s\u00fcsteem, mis pakub kaitset 30, 60 v\u00f5i isegi kuni 90 minutiks (EI30\u2013EI90). Seda kasutatakse sageli avalikes hoonetes, koolides, haiglates v\u00f5i kaubanduskeskustes, kus ohutus on \u00fclioluline. S\u00fcsteem v\u00f5imaldab valmistada \u00fche- v\u00f5i kahepoolseid uksi, vaheseinu ja isegi klaasseinu. Vaatamata tulekindlusele s\u00e4ilitab s\u00fcsteem modernse ja esteetilise v\u00e4limuse. V\u00f5imalik on kasutada suuri klaaspindu, mis lisavad valgusk\u00fcllasust.<\/span><\/p>\n                                <\/div>\r\n                                <a href=\"#\" class=\"excerpt-toggle\">Loe veel<\/a>\r\n                            <\/div>\r\n                        <\/div>\r\n                    <\/div>\r\n\t\t\t\t                    <div class=\"col-lg-4 col-md-6\">\r\n                        <div class=\"product-item\">\r\n\t\t\t\t\t\t\t                                <div class=\"product-image\">\r\n\t\t\t\t\t\t\t\t\t<img decoding=\"async\" width=\"1326\" height=\"1200\" data-src=\"https:\/\/koduaken.ee\/alumiinium\/wp-content\/uploads\/2025\/05\/MB-86-EI-uks.webp\" class=\"attachment-full size-full wp-post-image lazyload\" alt=\"\" data-srcset=\"https:\/\/koduaken.ee\/alumiinium\/wp-content\/uploads\/2025\/05\/MB-86-EI-uks.webp 1326w, https:\/\/koduaken.ee\/alumiinium\/wp-content\/uploads\/2025\/05\/MB-86-EI-uks-300x271.webp 300w, https:\/\/koduaken.ee\/alumiinium\/wp-content\/uploads\/2025\/05\/MB-86-EI-uks-1024x927.webp 1024w, https:\/\/koduaken.ee\/alumiinium\/wp-content\/uploads\/2025\/05\/MB-86-EI-uks-768x695.webp 768w\" data-sizes=\"(max-width: 1326px) 100vw, 1326px\" src=\"data:image\/gif;base64,R0lGODlhAQABAAAAACH5BAEKAAEALAAAAAABAAEAAAICTAEAOw==\" style=\"--smush-placeholder-width: 1326px; --smush-placeholder-aspect-ratio: 1326\/1200;\" \/>                                <\/div>\r\n\t\t\t\t\t\t\t                            <h3>MB-86EI<\/h3>\r\n                            <div class=\"excerpt-container\">\r\n                                <div class=\"excerpt-content collapsed\">\r\n\t\t\t                        <p>MB-86EI \u00fchendab k\u00f5rge tulekindluse (kuni EI30 v\u00f5i EI60) ja suurep\u00e4rase soojusisolatsiooni, olles sobiv v\u00e4lisusteks. See s\u00fcsteem sobib eriti h\u00e4sti hoonetesse, kus tuleb \u00fchendada energiat\u00f5husus ja tuleohutus \u2013 n\u00e4iteks kortermajade trepikodade uksed. Konstruktsioon p\u00f5hineb MB-86 profiilidel, mis on juba niigi soojapidavad. V\u00e4ljan\u00e4gemiselt j\u00e4\u00e4b uks sarnaseks tavap\u00e4raste alumiiniumustega, s\u00e4ilitades arhitektuurse \u00fchtsuse. Ideaalne lahendus koduohutuse suurendamiseks ilma disainis j\u00e4releandmisi tegemata.<\/p>\n                                <\/div>\r\n                                <a href=\"#\" class=\"excerpt-toggle\">Loe veel<\/a>\r\n                            <\/div>\r\n                        <\/div>\r\n                    <\/div>\r\n\t\t\t\t            <\/div>\r\n\r\n\t\t\t        <\/div>\r\n\t[\/vc_column][\/vc_row][vc_row type=&#8221;in_container&#8221; full_screen_row_position=&#8221;middle&#8221; column_margin=&#8221;default&#8221; column_direction=&#8221;default&#8221; column_direction_tablet=&#8221;default&#8221; column_direction_phone=&#8221;default&#8221; scene_position=&#8221;center&#8221; text_color=&#8221;dark&#8221; text_align=&#8221;left&#8221; row_border_radius=&#8221;none&#8221; row_border_radius_applies=&#8221;bg&#8221; overflow=&#8221;visible&#8221; overlay_strength=&#8221;0.3&#8243; gradient_direction=&#8221;left_to_right&#8221; shape_divider_position=&#8221;bottom&#8221; bg_image_animation=&#8221;none&#8221;][vc_column column_padding=&#8221;no-extra-padding&#8221; column_padding_tablet=&#8221;inherit&#8221; column_padding_phone=&#8221;inherit&#8221; column_padding_position=&#8221;all&#8221; column_element_direction_desktop=&#8221;default&#8221; column_element_spacing=&#8221;default&#8221; desktop_text_alignment=&#8221;default&#8221; tablet_text_alignment=&#8221;default&#8221; phone_text_alignment=&#8221;default&#8221; background_color_opacity=&#8221;1&#8243; background_hover_color_opacity=&#8221;1&#8243; column_backdrop_filter=&#8221;none&#8221; column_shadow=&#8221;none&#8221; column_border_radius=&#8221;none&#8221; column_link_target=&#8221;_self&#8221; column_position=&#8221;default&#8221; gradient_direction=&#8221;left_to_right&#8221; overlay_strength=&#8221;0.3&#8243; width=&#8221;1\/1&#8243; tablet_width_inherit=&#8221;default&#8221; animation_type=&#8221;default&#8221; bg_image_animation=&#8221;none&#8221; border_type=&#8221;simple&#8221; column_border_width=&#8221;none&#8221; column_border_style=&#8221;solid&#8221;][nectar_global_section id=&#8221;369&#8243;][\/vc_column][\/vc_row]\n","protected":false},"excerpt":{"rendered":"<p>[vc_row type=&#8221;in_container&#8221; full_screen_row_position=&#8221;middle&#8221; column_margin=&#8221;default&#8221; column_direction=&#8221;default&#8221; column_direction_tablet=&#8221;default&#8221; column_direction_phone=&#8221;default&#8221; scene_position=&#8221;center&#8221; text_color=&#8221;dark&#8221; text_align=&#8221;left&#8221; row_border_radius=&#8221;none&#8221; row_border_radius_applies=&#8221;bg&#8221; overflow=&#8221;visible&#8221; overlay_strength=&#8221;0.3&#8243; gradient_direction=&#8221;left_to_right&#8221; shape_divider_position=&#8221;bottom&#8221; bg_image_animation=&#8221;none&#8221;][vc_column column_padding=&#8221;no-extra-padding&#8221; column_padding_tablet=&#8221;inherit&#8221; column_padding_phone=&#8221;inherit&#8221; column_padding_position=&#8221;all&#8221; column_element_direction_desktop=&#8221;default&#8221; column_element_spacing=&#8221;default&#8221; desktop_text_alignment=&#8221;default&#8221; tablet_text_alignment=&#8221;default&#8221; phone_text_alignment=&#8221;default&#8221; background_color_opacity=&#8221;1&#8243; background_hover_color_opacity=&#8221;1&#8243; column_backdrop_filter=&#8221;none&#8221; column_shadow=&#8221;none&#8221;&#8230;<\/p>\n","protected":false},"author":1,"featured_media":0,"parent":0,"menu_order":0,"comment_status":"closed","ping_status":"closed","template":"","meta":{"footnotes":""},"class_list":["post-400","page","type-page","status-publish"],"_links":{"self":[{"href":"https:\/\/koduaken.ee\/alumiinium\/wp-json\/wp\/v2\/pages\/400","targetHints":{"allow":["GET"]}}],"collection":[{"href":"https:\/\/koduaken.ee\/alumiinium\/wp-json\/wp\/v2\/pages"}],"about":[{"href":"https:\/\/koduaken.ee\/alumiinium\/wp-json\/wp\/v2\/types\/page"}],"author":[{"embeddable":true,"href":"https:\/\/koduaken.ee\/alumiinium\/wp-json\/wp\/v2\/users\/1"}],"replies":[{"embeddable":true,"href":"https:\/\/koduaken.ee\/alumiinium\/wp-json\/wp\/v2\/comments?post=400"}],"version-history":[{"count":0,"href":"https:\/\/koduaken.ee\/alumiinium\/wp-json\/wp\/v2\/pages\/400\/revisions"}],"wp:attachment":[{"href":"https:\/\/koduaken.ee\/alumiinium\/wp-json\/wp\/v2\/media?parent=400"}],"curies":[{"name":"wp","href":"https:\/\/api.w.org\/{rel}","templated":true}]}}