{"id":465,"date":"2025-03-25T17:14:23","date_gmt":"2025-03-25T17:14:23","guid":{"rendered":"https:\/\/koduaken.ee\/alumiinium\/?page_id=465"},"modified":"2025-05-27T08:53:46","modified_gmt":"2025-05-27T08:53:46","slug":"lisatooted","status":"publish","type":"page","link":"https:\/\/koduaken.ee\/alumiinium\/lisatooted\/","title":{"rendered":"Lisatooted"},"content":{"rendered":"[vc_row type=&#8221;in_container&#8221; full_screen_row_position=&#8221;middle&#8221; column_margin=&#8221;default&#8221; column_direction=&#8221;default&#8221; column_direction_tablet=&#8221;default&#8221; column_direction_phone=&#8221;default&#8221; scene_position=&#8221;center&#8221; text_color=&#8221;dark&#8221; text_align=&#8221;left&#8221; row_border_radius=&#8221;none&#8221; row_border_radius_applies=&#8221;bg&#8221; overflow=&#8221;visible&#8221; overlay_strength=&#8221;0.3&#8243; gradient_direction=&#8221;left_to_right&#8221; shape_divider_position=&#8221;bottom&#8221; bg_image_animation=&#8221;none&#8221;][vc_column column_padding=&#8221;no-extra-padding&#8221; column_padding_tablet=&#8221;inherit&#8221; column_padding_phone=&#8221;inherit&#8221; column_padding_position=&#8221;all&#8221; column_element_direction_desktop=&#8221;default&#8221; column_element_spacing=&#8221;default&#8221; desktop_text_alignment=&#8221;default&#8221; tablet_text_alignment=&#8221;default&#8221; phone_text_alignment=&#8221;default&#8221; background_color_opacity=&#8221;1&#8243; background_hover_color_opacity=&#8221;1&#8243; column_backdrop_filter=&#8221;none&#8221; column_shadow=&#8221;none&#8221; column_border_radius=&#8221;none&#8221; column_link_target=&#8221;_self&#8221; column_position=&#8221;default&#8221; gradient_direction=&#8221;left_to_right&#8221; overlay_strength=&#8221;0.3&#8243; width=&#8221;1\/1&#8243; tablet_width_inherit=&#8221;default&#8221; animation_type=&#8221;default&#8221; bg_image_animation=&#8221;none&#8221; border_type=&#8221;simple&#8221; column_border_width=&#8221;none&#8221; column_border_style=&#8221;solid&#8221;][vc_custom_heading source=&#8221;post_title&#8221; font_container=&#8221;tag:h2|text_align:center&#8221; use_theme_fonts=&#8221;yes&#8221; css=&#8221;&#8221;][\/vc_column][\/vc_row][vc_row type=&#8221;in_container&#8221; full_screen_row_position=&#8221;middle&#8221; column_margin=&#8221;default&#8221; column_direction=&#8221;default&#8221; column_direction_tablet=&#8221;default&#8221; column_direction_phone=&#8221;default&#8221; scene_position=&#8221;center&#8221; text_color=&#8221;dark&#8221; text_align=&#8221;left&#8221; row_border_radius=&#8221;none&#8221; row_border_radius_applies=&#8221;bg&#8221; overflow=&#8221;visible&#8221; overlay_strength=&#8221;0.3&#8243; gradient_direction=&#8221;left_to_right&#8221; shape_divider_position=&#8221;bottom&#8221; bg_image_animation=&#8221;none&#8221;][vc_column column_padding=&#8221;no-extra-padding&#8221; column_padding_tablet=&#8221;inherit&#8221; column_padding_phone=&#8221;inherit&#8221; column_padding_position=&#8221;all&#8221; column_element_direction_desktop=&#8221;default&#8221; column_element_spacing=&#8221;default&#8221; desktop_text_alignment=&#8221;default&#8221; tablet_text_alignment=&#8221;default&#8221; phone_text_alignment=&#8221;default&#8221; background_color_opacity=&#8221;1&#8243; background_hover_color_opacity=&#8221;1&#8243; column_backdrop_filter=&#8221;none&#8221; column_shadow=&#8221;none&#8221; column_border_radius=&#8221;none&#8221; column_link_target=&#8221;_self&#8221; column_position=&#8221;default&#8221; gradient_direction=&#8221;left_to_right&#8221; overlay_strength=&#8221;0.3&#8243; width=&#8221;1\/1&#8243; tablet_width_inherit=&#8221;default&#8221; animation_type=&#8221;default&#8221; bg_image_animation=&#8221;none&#8221; border_type=&#8221;simple&#8221; column_border_width=&#8221;none&#8221; column_border_style=&#8221;solid&#8221;]        <div class=\"products-grid columns-3\">\r\n            <div class=\"row\">\r\n\t\t\t\t                    <div class=\"col-lg-4 col-md-6\">\r\n                        <div class=\"product-item\">\r\n\t\t\t\t\t\t\t                                <div class=\"product-image\">\r\n\t\t\t\t\t\t\t\t\t<img decoding=\"async\" width=\"1050\" height=\"1200\" data-src=\"https:\/\/koduaken.ee\/alumiinium\/wp-content\/uploads\/2025\/05\/MB-INSTALLATION-SYSTEM.webp\" class=\"attachment-full size-full wp-post-image lazyload\" alt=\"Aluprofi soojapidav aknas\u00fcsteem koos paigaldusega betoonseinale \u2013 energiat\u00f5husus ja tihedus kaasaegses ehituses\" data-srcset=\"https:\/\/koduaken.ee\/alumiinium\/wp-content\/uploads\/2025\/05\/MB-INSTALLATION-SYSTEM.webp 1050w, https:\/\/koduaken.ee\/alumiinium\/wp-content\/uploads\/2025\/05\/MB-INSTALLATION-SYSTEM-263x300.webp 263w, https:\/\/koduaken.ee\/alumiinium\/wp-content\/uploads\/2025\/05\/MB-INSTALLATION-SYSTEM-896x1024.webp 896w, https:\/\/koduaken.ee\/alumiinium\/wp-content\/uploads\/2025\/05\/MB-INSTALLATION-SYSTEM-768x878.webp 768w\" data-sizes=\"(max-width: 1050px) 100vw, 1050px\" src=\"data:image\/gif;base64,R0lGODlhAQABAAAAACH5BAEKAAEALAAAAAABAAEAAAICTAEAOw==\" style=\"--smush-placeholder-width: 1050px; --smush-placeholder-aspect-ratio: 1050\/1200;\" \/>                                <\/div>\r\n\t\t\t\t\t\t\t                            <h3>MB-INSTALLATION SOLUTION<\/h3>\r\n                            <div class=\"excerpt-container\">\r\n                                <div class=\"excerpt-content collapsed\">\r\n\t\t\t                        <p>Aluprofi s\u00fcsteem, mis lihtsustab ja kiirendab alumiiniumprofiilide paigaldust ehitusobjektidel. See pakub standardiseeritud ja modulaarseid paigalduslahendusi, mis tagavad kiire ning t\u00e4pse montaa\u017ei nii sise- kui v\u00e4lisprojektides. S\u00fcsteem v\u00e4hendab t\u00f6\u00f6de tegemise aega ja v\u00f5imalikke paigaldusvigu, muutes kogu protsessi mugavamaks nii ehitajatele kui tellijatele. MB-INSTALLATION SOLUTION sobib mitmesuguste akna-, ukse- ja fassaadis\u00fcsteemide komplekteerimiseks. T\u00e4nu paindlikkusele ja lihtsusele aitab see s\u00e4\u00e4sta aega ja kulusid ehitusprotsessis.<\/p>\n                                <\/div>\r\n                                <a href=\"#\" class=\"excerpt-toggle\">Loe veel<\/a>\r\n                            <\/div>\r\n                        <\/div>\r\n                    <\/div>\r\n\t\t\t\t                    <div class=\"col-lg-4 col-md-6\">\r\n                        <div class=\"product-item\">\r\n\t\t\t\t\t\t\t                                <div class=\"product-image\">\r\n\t\t\t\t\t\t\t\t\t<img decoding=\"async\" width=\"364\" height=\"614\" data-src=\"https:\/\/koduaken.ee\/alumiinium\/wp-content\/uploads\/2025\/05\/MB-GLASS-BARRIER.webp\" class=\"attachment-full size-full wp-post-image lazyload\" alt=\"Aluprofi klaasfassaadi profiil kolmekordse klaasiga \u2013 k\u00f5rgklassi arhitektuurne lahendus energias\u00e4\u00e4stlikule hoonele\" data-srcset=\"https:\/\/koduaken.ee\/alumiinium\/wp-content\/uploads\/2025\/05\/MB-GLASS-BARRIER.webp 364w, https:\/\/koduaken.ee\/alumiinium\/wp-content\/uploads\/2025\/05\/MB-GLASS-BARRIER-178x300.webp 178w\" data-sizes=\"(max-width: 364px) 100vw, 364px\" src=\"data:image\/gif;base64,R0lGODlhAQABAAAAACH5BAEKAAEALAAAAAABAAEAAAICTAEAOw==\" style=\"--smush-placeholder-width: 364px; --smush-placeholder-aspect-ratio: 364\/614;\" \/>                                <\/div>\r\n\t\t\t\t\t\t\t                            <h3>MB-GLASS BARRIER<\/h3>\r\n                            <div class=\"excerpt-container\">\r\n                                <div class=\"excerpt-content collapsed\">\r\n\t\t\t                        <p>Aluprofi klaasist turvapiirde s\u00fcsteem, mis sobib h\u00e4sti treppide, r\u00f5dude ja siseruumide kaitsepiirete loomiseks. S\u00fcsteem p\u00f5hineb t\u00e4isklaasil, millel on alumine alumiiniumprofiil \u2013 tulemuseks on minimalistlik ja \u00f5huline v\u00e4limus. Kuna profiil on diskreetne, j\u00e4\u00e4b fookus klaasi l\u00e4bipaistvusele ja puhtale disainile. MB-GLASS BARRIER tagab samas tugeva mehaanilise vastupidavuse ja turvalisuse. See lahendus sobib nii modernsetesse kodudesse kui ka avalikesse hoonetesse, kus soovitakse visuaalset kergust ilma ohutuses j\u00e4releandmisi tegemata.<\/p>\n                                <\/div>\r\n                                <a href=\"#\" class=\"excerpt-toggle\">Loe veel<\/a>\r\n                            <\/div>\r\n                        <\/div>\r\n                    <\/div>\r\n\t\t\t\t                    <div class=\"col-lg-4 col-md-6\">\r\n                        <div class=\"product-item\">\r\n\t\t\t\t\t\t\t                                <div class=\"product-image\">\r\n\t\t\t\t\t\t\t\t\t<img decoding=\"async\" width=\"263\" height=\"614\" data-src=\"https:\/\/koduaken.ee\/alumiinium\/wp-content\/uploads\/2025\/05\/MB-EXPO.webp\" class=\"attachment-full size-full wp-post-image lazyload\" alt=\"Aluprofi alumiiniumist klaaspaneelpiire \u2013 stiilne ja turvaline piirdelahendus r\u00f5dudele ja trepikodadele\" data-srcset=\"https:\/\/koduaken.ee\/alumiinium\/wp-content\/uploads\/2025\/05\/MB-EXPO.webp 263w, https:\/\/koduaken.ee\/alumiinium\/wp-content\/uploads\/2025\/05\/MB-EXPO-129x300.webp 129w\" data-sizes=\"(max-width: 263px) 100vw, 263px\" src=\"data:image\/gif;base64,R0lGODlhAQABAAAAACH5BAEKAAEALAAAAAABAAEAAAICTAEAOw==\" style=\"--smush-placeholder-width: 263px; --smush-placeholder-aspect-ratio: 263\/614;\" \/>                                <\/div>\r\n\t\t\t\t\t\t\t                            <h3>MB-EXPO<\/h3>\r\n                            <div class=\"excerpt-container\">\r\n                                <div class=\"excerpt-content collapsed\">\r\n\t\t\t                        <p>Modulaarne klaasseinas\u00fcsteem, mis v\u00f5imaldab kiiret ja paindlikku siseruumide jagamist ilma p\u00fcsivate seinteta. See on eriti sobilik n\u00e4itusesaalidesse, kauplustesse v\u00f5i ajutisteks lahendusteks kontorites. Profiilid on kitsad ning neid saab paigaldada ilma alumise ja \u00fclemise juhtsiinita, mis teeb disaini eriti puhtaks ja avaraks. Klaaspaneelid kinnitatakse turvaliselt ja n\u00e4htamatult. Elegantne ja kergesti muudetav s\u00fcsteem neile, kes soovivad ruumide paindlikku kasutust.<\/p>\n                                <\/div>\r\n                                <a href=\"#\" class=\"excerpt-toggle\">Loe veel<\/a>\r\n                            <\/div>\r\n                        <\/div>\r\n                    <\/div>\r\n\t\t\t\t                    <div class=\"col-lg-4 col-md-6\">\r\n                        <div class=\"product-item\">\r\n\t\t\t\t\t\t\t                                <div class=\"product-image\">\r\n\t\t\t\t\t\t\t\t\t<img decoding=\"async\" width=\"518\" height=\"614\" data-src=\"https:\/\/koduaken.ee\/alumiinium\/wp-content\/uploads\/2025\/05\/MB-OPENSLIDE.webp\" class=\"attachment-full size-full wp-post-image lazyload\" alt=\"Aluprofi alumiiniumist klaaspiirde s\u00fcsteem \u2013 minimalistlik ja vastupidav klaaspiire r\u00f5dule v\u00f5i terrassile\" data-srcset=\"https:\/\/koduaken.ee\/alumiinium\/wp-content\/uploads\/2025\/05\/MB-OPENSLIDE.webp 518w, https:\/\/koduaken.ee\/alumiinium\/wp-content\/uploads\/2025\/05\/MB-OPENSLIDE-253x300.webp 253w\" data-sizes=\"(max-width: 518px) 100vw, 518px\" src=\"data:image\/gif;base64,R0lGODlhAQABAAAAACH5BAEKAAEALAAAAAABAAEAAAICTAEAOw==\" style=\"--smush-placeholder-width: 518px; --smush-placeholder-aspect-ratio: 518\/614;\" \/>                                <\/div>\r\n\t\t\t\t\t\t\t                            <h3>MB-OPENSLIDE<\/h3>\r\n                            <div class=\"excerpt-container\">\r\n                                <div class=\"excerpt-content collapsed\">\r\n\t\t\t                        <p data-start=\"2827\" data-end=\"3293\">Paindlik isoleerimata s\u00fcsteem suurte avauste jaoks \u2013 ukseosad libisevad r\u00f6\u00f6bastel t\u00e4ielikult k\u00f5rvale, v\u00f5imaldades v\u00e4ga suurt avamist. Sobib kodudesse, kus soovitakse suvel &#8220;avatud seina&#8221; efekti ja vaba liikumist sise- ja v\u00e4lisruumi vahel. Konstruktsioon v\u00f5imaldab kasutada suuri klaaspaneele ilma kompromissita disainis. S\u00fcsteem \u00fchendab avaruse ja stiilsuse. Suurep\u00e4rane valik luksuslikele terrassidele v\u00f5i aedadele avanevatele eluruumidele.<\/p>\n                                <\/div>\r\n                                <a href=\"#\" class=\"excerpt-toggle\">Loe veel<\/a>\r\n                            <\/div>\r\n                        <\/div>\r\n                    <\/div>\r\n\t\t\t\t            <\/div>\r\n\r\n\t\t\t        <\/div>\r\n\t[\/vc_column][\/vc_row][vc_row type=&#8221;in_container&#8221; full_screen_row_position=&#8221;middle&#8221; column_margin=&#8221;default&#8221; column_direction=&#8221;default&#8221; column_direction_tablet=&#8221;default&#8221; column_direction_phone=&#8221;default&#8221; scene_position=&#8221;center&#8221; text_color=&#8221;dark&#8221; text_align=&#8221;left&#8221; row_border_radius=&#8221;none&#8221; row_border_radius_applies=&#8221;bg&#8221; overflow=&#8221;visible&#8221; overlay_strength=&#8221;0.3&#8243; gradient_direction=&#8221;left_to_right&#8221; shape_divider_position=&#8221;bottom&#8221; bg_image_animation=&#8221;none&#8221;][vc_column column_padding=&#8221;no-extra-padding&#8221; column_padding_tablet=&#8221;inherit&#8221; column_padding_phone=&#8221;inherit&#8221; column_padding_position=&#8221;all&#8221; column_element_direction_desktop=&#8221;default&#8221; column_element_spacing=&#8221;default&#8221; desktop_text_alignment=&#8221;default&#8221; tablet_text_alignment=&#8221;default&#8221; phone_text_alignment=&#8221;default&#8221; background_color_opacity=&#8221;1&#8243; background_hover_color_opacity=&#8221;1&#8243; column_backdrop_filter=&#8221;none&#8221; column_shadow=&#8221;none&#8221; column_border_radius=&#8221;none&#8221; column_link_target=&#8221;_self&#8221; column_position=&#8221;default&#8221; gradient_direction=&#8221;left_to_right&#8221; overlay_strength=&#8221;0.3&#8243; width=&#8221;1\/1&#8243; tablet_width_inherit=&#8221;default&#8221; animation_type=&#8221;default&#8221; bg_image_animation=&#8221;none&#8221; border_type=&#8221;simple&#8221; column_border_width=&#8221;none&#8221; column_border_style=&#8221;solid&#8221;][nectar_global_section id=&#8221;369&#8243;][\/vc_column][\/vc_row]\n","protected":false},"excerpt":{"rendered":"<p>[vc_row type=&#8221;in_container&#8221; full_screen_row_position=&#8221;middle&#8221; column_margin=&#8221;default&#8221; column_direction=&#8221;default&#8221; column_direction_tablet=&#8221;default&#8221; column_direction_phone=&#8221;default&#8221; scene_position=&#8221;center&#8221; text_color=&#8221;dark&#8221; text_align=&#8221;left&#8221; row_border_radius=&#8221;none&#8221; row_border_radius_applies=&#8221;bg&#8221; overflow=&#8221;visible&#8221; overlay_strength=&#8221;0.3&#8243; gradient_direction=&#8221;left_to_right&#8221; shape_divider_position=&#8221;bottom&#8221; bg_image_animation=&#8221;none&#8221;][vc_column column_padding=&#8221;no-extra-padding&#8221; column_padding_tablet=&#8221;inherit&#8221; column_padding_phone=&#8221;inherit&#8221; column_padding_position=&#8221;all&#8221; column_element_direction_desktop=&#8221;default&#8221; column_element_spacing=&#8221;default&#8221; desktop_text_alignment=&#8221;default&#8221; tablet_text_alignment=&#8221;default&#8221; phone_text_alignment=&#8221;default&#8221; background_color_opacity=&#8221;1&#8243; background_hover_color_opacity=&#8221;1&#8243; column_backdrop_filter=&#8221;none&#8221; column_shadow=&#8221;none&#8221;&#8230;<\/p>\n","protected":false},"author":1,"featured_media":0,"parent":0,"menu_order":0,"comment_status":"closed","ping_status":"closed","template":"","meta":{"footnotes":""},"class_list":["post-465","page","type-page","status-publish"],"_links":{"self":[{"href":"https:\/\/koduaken.ee\/alumiinium\/wp-json\/wp\/v2\/pages\/465","targetHints":{"allow":["GET"]}}],"collection":[{"href":"https:\/\/koduaken.ee\/alumiinium\/wp-json\/wp\/v2\/pages"}],"about":[{"href":"https:\/\/koduaken.ee\/alumiinium\/wp-json\/wp\/v2\/types\/page"}],"author":[{"embeddable":true,"href":"https:\/\/koduaken.ee\/alumiinium\/wp-json\/wp\/v2\/users\/1"}],"replies":[{"embeddable":true,"href":"https:\/\/koduaken.ee\/alumiinium\/wp-json\/wp\/v2\/comments?post=465"}],"version-history":[{"count":0,"href":"https:\/\/koduaken.ee\/alumiinium\/wp-json\/wp\/v2\/pages\/465\/revisions"}],"wp:attachment":[{"href":"https:\/\/koduaken.ee\/alumiinium\/wp-json\/wp\/v2\/media?parent=465"}],"curies":[{"name":"wp","href":"https:\/\/api.w.org\/{rel}","templated":true}]}}