{"id":2285,"date":"2019-02-04T17:58:47","date_gmt":"2019-02-04T17:58:47","guid":{"rendered":"http:\/\/koduaken.wp.popsicode.ee\/tasub-teada\/"},"modified":"2021-05-18T06:32:28","modified_gmt":"2021-05-18T06:32:28","slug":"tasub-teada","status":"publish","type":"page","link":"https:\/\/koduaken.ee\/pvc\/fi\/tasub-teada\/","title":{"rendered":"Hyv\u00e4 Tiet\u00e4\u00e4"},"content":{"rendered":"","protected":false},"excerpt":{"rendered":"","protected":false},"author":2,"featured_media":0,"parent":0,"menu_order":0,"comment_status":"closed","ping_status":"closed","template":"","meta":{"_acf_changed":false,"_monsterinsights_skip_tracking":false,"_monsterinsights_sitenote_active":false,"_monsterinsights_sitenote_note":"","_monsterinsights_sitenote_category":0,"footnotes":""},"class_list":[],"acf":[],"_links":{"self":[{"href":"https:\/\/koduaken.ee\/pvc\/fi\/wp-json\/wp\/v2\/pages\/2285"}],"collection":[{"href":"https:\/\/koduaken.ee\/pvc\/fi\/wp-json\/wp\/v2\/pages"}],"about":[{"href":"https:\/\/koduaken.ee\/pvc\/fi\/wp-json\/wp\/v2\/types\/page"}],"author":[{"embeddable":true,"href":"https:\/\/koduaken.ee\/pvc\/fi\/wp-json\/wp\/v2\/users\/2"}],"replies":[{"embeddable":true,"href":"https:\/\/koduaken.ee\/pvc\/fi\/wp-json\/wp\/v2\/comments?post=2285"}],"version-history":[{"count":13,"href":"https:\/\/koduaken.ee\/pvc\/fi\/wp-json\/wp\/v2\/pages\/2285\/revisions"}],"predecessor-version":[{"id":6577,"href":"https:\/\/koduaken.ee\/pvc\/fi\/wp-json\/wp\/v2\/pages\/2285\/revisions\/6577"}],"wp:attachment":[{"href":"https:\/\/koduaken.ee\/pvc\/fi\/wp-json\/wp\/v2\/media?parent=2285"}],"curies":[{"name":"wp","href":"https:\/\/api.w.org\/{rel}","templated":true}]}}