{"id":2324,"date":"2019-01-03T09:49:07","date_gmt":"2019-01-03T09:49:07","guid":{"rendered":"http:\/\/koduaken.wp.popsicode.ee\/privaatsuspoliitika\/"},"modified":"2019-07-18T13:29:08","modified_gmt":"2019-07-18T13:29:08","slug":"privaatsuspoliitika","status":"publish","type":"page","link":"https:\/\/koduaken.ee\/pvc\/fi\/privaatsuspoliitika\/","title":{"rendered":"Tietosuojak\u00e4yt\u00e4nt\u00f6"},"content":{"rendered":"","protected":false},"excerpt":{"rendered":"","protected":false},"author":3,"featured_media":0,"parent":0,"menu_order":0,"comment_status":"closed","ping_status":"closed","template":"","meta":{"_acf_changed":false,"_monsterinsights_skip_tracking":false,"_monsterinsights_sitenote_active":false,"_monsterinsights_sitenote_note":"","_monsterinsights_sitenote_category":0,"footnotes":""},"class_list":[],"acf":[],"_links":{"self":[{"href":"https:\/\/koduaken.ee\/pvc\/fi\/wp-json\/wp\/v2\/pages\/2324"}],"collection":[{"href":"https:\/\/koduaken.ee\/pvc\/fi\/wp-json\/wp\/v2\/pages"}],"about":[{"href":"https:\/\/koduaken.ee\/pvc\/fi\/wp-json\/wp\/v2\/types\/page"}],"author":[{"embeddable":true,"href":"https:\/\/koduaken.ee\/pvc\/fi\/wp-json\/wp\/v2\/users\/3"}],"replies":[{"embeddable":true,"href":"https:\/\/koduaken.ee\/pvc\/fi\/wp-json\/wp\/v2\/comments?post=2324"}],"version-history":[{"count":2,"href":"https:\/\/koduaken.ee\/pvc\/fi\/wp-json\/wp\/v2\/pages\/2324\/revisions"}],"predecessor-version":[{"id":2327,"href":"https:\/\/koduaken.ee\/pvc\/fi\/wp-json\/wp\/v2\/pages\/2324\/revisions\/2327"}],"wp:attachment":[{"href":"https:\/\/koduaken.ee\/pvc\/fi\/wp-json\/wp\/v2\/media?parent=2324"}],"curies":[{"name":"wp","href":"https:\/\/api.w.org\/{rel}","templated":true}]}}