{"id":2978,"date":"2018-11-24T11:38:03","date_gmt":"2018-11-24T11:38:03","guid":{"rendered":"http:\/\/koduaken.wp.popsicode.ee\/hinnaparing\/"},"modified":"2025-08-01T14:19:49","modified_gmt":"2025-08-01T11:19:49","slug":"pvc-hinnaparing","status":"publish","type":"page","link":"https:\/\/koduaken.ee\/pvc\/sv\/pvc-hinnaparing\/","title":{"rendered":"Prisf\u00f6rfr\u00e5gan f\u00f6r PVC-f\u00f6nster och d\u00f6rrar"},"content":{"rendered":"","protected":false},"excerpt":{"rendered":"","protected":false},"author":1,"featured_media":0,"parent":0,"menu_order":0,"comment_status":"closed","ping_status":"closed","template":"price-inquiry.php","meta":{"_acf_changed":false,"_monsterinsights_skip_tracking":false,"_monsterinsights_sitenote_active":false,"_monsterinsights_sitenote_note":"","_monsterinsights_sitenote_category":0,"footnotes":""},"class_list":[],"acf":[],"_links":{"self":[{"href":"https:\/\/koduaken.ee\/pvc\/sv\/wp-json\/wp\/v2\/pages\/2978"}],"collection":[{"href":"https:\/\/koduaken.ee\/pvc\/sv\/wp-json\/wp\/v2\/pages"}],"about":[{"href":"https:\/\/koduaken.ee\/pvc\/sv\/wp-json\/wp\/v2\/types\/page"}],"author":[{"embeddable":true,"href":"https:\/\/koduaken.ee\/pvc\/sv\/wp-json\/wp\/v2\/users\/1"}],"replies":[{"embeddable":true,"href":"https:\/\/koduaken.ee\/pvc\/sv\/wp-json\/wp\/v2\/comments?post=2978"}],"version-history":[{"count":4,"href":"https:\/\/koduaken.ee\/pvc\/sv\/wp-json\/wp\/v2\/pages\/2978\/revisions"}],"predecessor-version":[{"id":11072,"href":"https:\/\/koduaken.ee\/pvc\/sv\/wp-json\/wp\/v2\/pages\/2978\/revisions\/11072"}],"wp:attachment":[{"href":"https:\/\/koduaken.ee\/pvc\/sv\/wp-json\/wp\/v2\/media?parent=2978"}],"curies":[{"name":"wp","href":"https:\/\/api.w.org\/{rel}","templated":true}]}}